{"id":3854,"date":"2025-09-03T12:58:09","date_gmt":"2025-09-03T10:58:09","guid":{"rendered":"https:\/\/www.kmgmediterranee.fr\/?page_id=3854"},"modified":"2026-03-25T13:03:08","modified_gmt":"2026-03-25T12:03:08","slug":"instructeurs","status":"publish","type":"page","link":"https:\/\/www.kmgmediterranee.fr\/index.php\/instructeurs\/","title":{"rendered":"Trombin O&#8217;scop"},"content":{"rendered":"\n<h2 class=\"wp-block-heading has-text-align-center\"><mark style=\"background-color:rgba(0, 0, 0, 0)\" class=\"has-inline-color has-luminous-vivid-orange-color\">Qui est qui ou voici la courte pr\u00e9sentation de nos instructeurs<\/mark><\/h2>\n\n\n\n<p><\/p>\n\n\n\n<h3 class=\"wp-block-heading has-text-align-center\">Notre pr\u00e9sident d&#8217;association<\/h3>\n\n\n\n<div id=\"wps-widget--team-2\" class=\"wps-container wps-widget wps-widget--team wps-team-theme--square-01 wps-team--type-grid wps-team-card-action--single-page wps-team--social-hover-up wps-team--thumbnail-shad\" style=\"visibility: hidden; opacity: 0\" data-widget-id=\"2\">\n    \n    \n    <div class=\"wps-container--inner\">\n\n                \n        \n            <div class=\"wps-row\">\n\n                \n                                \n                    <div class=\"wps-col wps-widget--item wps-widget--item-3875 president\">\n                        <div class=\"wpspeedo-team--single\">\n                            <div class=\"wps-team--single-inner\">\n                                \n                                <div class=\"team-member--thumbnail-wrapper wps-team--member-element\"><div class=\"team-member--thumbnail\"><a href=\"https:\/\/www.kmgmediterranee.fr\/index.php\/wps-members\/sylvain-denicourt\/\" class=\"\"   aria-label=\"Read More about Sylvain Denicourt.\"><img loading=\"lazy\" decoding=\"async\" width=\"150\" height=\"150\" src=\"https:\/\/www.kmgmediterranee.fr\/wp-content\/uploads\/2025\/09\/SDE-150x150.png\" class=\"attachment-thumbnail size-thumbnail wp-post-image\" alt=\"\" \/><\/a><\/div><\/div><h3 class=\"wps-team--member-title wps-team--member-element team-member--link\"><a href=\"https:\/\/www.kmgmediterranee.fr\/index.php\/wps-members\/sylvain-denicourt\/\" class=\"\"  >Sylvain Denicourt<\/a><\/h3><div class=\"wps-team--divider-wrapper wps-team--member-element\"><div class=\"wps-team--divider\"><\/div><\/div><div class=\"wps-team--member-details wps-team--member-details-excerpt wps-team--member-element\"><p>Notre instructeur en chef incarne la bienveillance et l\u2019humilit\u00e9, guidant chacun avec respect et une touche de&#8230;<\/p>\n<\/div><div class=\"wps-team--member-s-links wps-team--member-element\">\n\t\t\t<ul class=\"wps--social-links wps-si--shape-circle wps-si--b-bg-color wps-si--b-bg-color--hover\">\n\t\t\t\t<li class=\"wps-si--facebook\">\n\t\t\t\t<a href=\"https:\/\/www.facebook.com\/KMGMediterranee\" aria-label=\"Social Link\" rel=\"nofollow noopener noreferrer\" target=\"_blank\"><i class=\"fab fa-facebook\"><\/i><\/a>\n\t\t\t<\/li><li class=\"wps-si--instagram\">\n\t\t\t\t<a href=\"https:\/\/www.instagram.com\/kmg_mediterrannee_\/\" aria-label=\"Social Link\" rel=\"nofollow noopener noreferrer\" target=\"_blank\"><i class=\"fab fa-instagram\"><\/i><\/a>\n\t\t\t<\/li><li class=\"wps-si--tiktok\">\n\t\t\t\t<a href=\"https:\/\/www.tiktok.com\/@kmgmediterraneefrance\" aria-label=\"Social Link\" rel=\"nofollow noopener noreferrer\" target=\"_blank\"><i class=\"fab fa-tiktok\"><\/i><\/a>\n\t\t\t<\/li>\t\t\t<\/ul>\n\n\t\t<\/div>\n                            <\/div>\n                        <\/div>\n                    <\/div>\n\n                    \n                        \n            <\/div>\n\n        \n                <div class=\"wps-team--not-found-wrapper\">\n            <div class=\"wps-team--not-found\">No Results Found<\/div>\n        <\/div>\n        \n    <\/div>\n\n        \n<\/div>\n\n\n<h3 class=\"wp-block-heading\">Nos instructeurs et aide-instructeur Ado\/Adultes<\/h3>\n\n\n\n<div id=\"wps-widget--team-3\" class=\"wps-container wps-widget wps-widget--team wps-team-theme--square-01 wps-team--type-grid wps-team-card-action--single-page wps-team--social-hover-up wps-team--thumbnail-shad\" style=\"visibility: hidden; opacity: 0\" data-widget-id=\"3\">\n    \n    \n    <div class=\"wps-container--inner\">\n\n                \n        \n            <div class=\"wps-row\">\n\n                \n                                \n                    <div class=\"wps-col wps-widget--item wps-widget--item-3875 president\">\n                        <div class=\"wpspeedo-team--single\">\n                            <div class=\"wps-team--single-inner\">\n                                \n                                <div class=\"team-member--thumbnail-wrapper wps-team--member-element\"><div class=\"team-member--thumbnail\"><a href=\"https:\/\/www.kmgmediterranee.fr\/index.php\/wps-members\/sylvain-denicourt\/\" class=\"\"   aria-label=\"Read More about Sylvain Denicourt.\"><img loading=\"lazy\" decoding=\"async\" width=\"504\" height=\"586\" src=\"https:\/\/www.kmgmediterranee.fr\/wp-content\/uploads\/2025\/09\/SDE.png\" class=\"attachment- size- wp-post-image\" alt=\"\" srcset=\"https:\/\/www.kmgmediterranee.fr\/wp-content\/uploads\/2025\/09\/SDE.png 504w, https:\/\/www.kmgmediterranee.fr\/wp-content\/uploads\/2025\/09\/SDE-258x300.png 258w\" sizes=\"auto, (max-width: 504px) 100vw, 504px\" \/><\/a><\/div><\/div><h3 class=\"wps-team--member-title wps-team--member-element team-member--link\"><a href=\"https:\/\/www.kmgmediterranee.fr\/index.php\/wps-members\/sylvain-denicourt\/\" class=\"\"  >Sylvain Denicourt<\/a><\/h3><div class=\"wps-team--divider-wrapper wps-team--member-element\"><div class=\"wps-team--divider\"><\/div><\/div><div class=\"wps-team--member-details wps-team--member-details-excerpt wps-team--member-element\"><p>Notre instructeur en chef incarne la bienveillance et l\u2019humilit\u00e9, guidant chacun avec respect et une touche de&#8230;<\/p>\n<\/div><div class=\"wps-team--member-s-links wps-team--member-element\">\n\t\t\t<ul class=\"wps--social-links wps-si--shape-circle wps-si--b-bg-color wps-si--b-bg-color--hover\">\n\t\t\t\t<li class=\"wps-si--facebook\">\n\t\t\t\t<a href=\"https:\/\/www.facebook.com\/KMGMediterranee\" aria-label=\"Social Link\" rel=\"nofollow noopener noreferrer\" target=\"_blank\"><i class=\"fab fa-facebook\"><\/i><\/a>\n\t\t\t<\/li><li class=\"wps-si--instagram\">\n\t\t\t\t<a href=\"https:\/\/www.instagram.com\/kmg_mediterrannee_\/\" aria-label=\"Social Link\" rel=\"nofollow noopener noreferrer\" target=\"_blank\"><i class=\"fab fa-instagram\"><\/i><\/a>\n\t\t\t<\/li><li class=\"wps-si--tiktok\">\n\t\t\t\t<a href=\"https:\/\/www.tiktok.com\/@kmgmediterraneefrance\" aria-label=\"Social Link\" rel=\"nofollow noopener noreferrer\" target=\"_blank\"><i class=\"fab fa-tiktok\"><\/i><\/a>\n\t\t\t<\/li>\t\t\t<\/ul>\n\n\t\t<\/div>\n                            <\/div>\n                        <\/div>\n                    <\/div>\n\n                    \n                \n                                \n                    <div class=\"wps-col wps-widget--item wps-widget--item-3874 instructeur-adulte\">\n                        <div class=\"wpspeedo-team--single\">\n                            <div class=\"wps-team--single-inner\">\n                                \n                                <div class=\"team-member--thumbnail-wrapper wps-team--member-element\"><div class=\"team-member--thumbnail\"><a href=\"https:\/\/www.kmgmediterranee.fr\/index.php\/wps-members\/sebastien-jouanneau\/\" class=\"\"   aria-label=\"Read More about S\u00e9bastien J..\"><img loading=\"lazy\" decoding=\"async\" width=\"504\" height=\"522\" src=\"https:\/\/www.kmgmediterranee.fr\/wp-content\/uploads\/2025\/09\/SJO.png\" class=\"attachment- size- wp-post-image\" alt=\"\" srcset=\"https:\/\/www.kmgmediterranee.fr\/wp-content\/uploads\/2025\/09\/SJO.png 504w, https:\/\/www.kmgmediterranee.fr\/wp-content\/uploads\/2025\/09\/SJO-290x300.png 290w\" sizes=\"auto, (max-width: 504px) 100vw, 504px\" \/><\/a><\/div><\/div><h3 class=\"wps-team--member-title wps-team--member-element team-member--link\"><a href=\"https:\/\/www.kmgmediterranee.fr\/index.php\/wps-members\/sebastien-jouanneau\/\" class=\"\"  >S\u00e9bastien J.<\/a><\/h3><div class=\"wps-team--divider-wrapper wps-team--member-element\"><div class=\"wps-team--divider\"><\/div><\/div><div class=\"wps-team--member-details wps-team--member-details-excerpt wps-team--member-element\"><p>Notre instructeur ado et adultes, enseignant rigoureux au grand sens de l\u2019humour, allie exigence et l\u00e9g\u00e8ret\u00e9 a&#8230;<\/p>\n<\/div>\n                            <\/div>\n                        <\/div>\n                    <\/div>\n\n                    \n                \n                                \n                    <div class=\"wps-col wps-widget--item wps-widget--item-3869 instructeur-adulte\">\n                        <div class=\"wpspeedo-team--single\">\n                            <div class=\"wps-team--single-inner\">\n                                \n                                <div class=\"team-member--thumbnail-wrapper wps-team--member-element\"><div class=\"team-member--thumbnail\"><a href=\"https:\/\/www.kmgmediterranee.fr\/index.php\/wps-members\/christophe-m\/\" class=\"\"   aria-label=\"Read More about Christophe M..\"><img loading=\"lazy\" decoding=\"async\" width=\"504\" height=\"707\" src=\"https:\/\/www.kmgmediterranee.fr\/wp-content\/uploads\/2025\/09\/CMA-scaled-e1756904601898.png\" class=\"attachment- size- wp-post-image\" alt=\"\" \/><\/a><\/div><\/div><h3 class=\"wps-team--member-title wps-team--member-element team-member--link\"><a href=\"https:\/\/www.kmgmediterranee.fr\/index.php\/wps-members\/christophe-m\/\" class=\"\"  >Christophe M.<\/a><\/h3><div class=\"wps-team--divider-wrapper wps-team--member-element\"><div class=\"wps-team--divider\"><\/div><\/div><div class=\"wps-team--member-details wps-team--member-details-excerpt wps-team--member-element\"><p>Notre instructeur assistant se distingue par sa bienveillance et sa gentillesse, cr\u00e9ant un climat serein et mo&#8230;<\/p>\n<\/div>\n                            <\/div>\n                        <\/div>\n                    <\/div>\n\n                    \n                        \n            <\/div>\n\n        \n                <div class=\"wps-team--not-found-wrapper\">\n            <div class=\"wps-team--not-found\">No Results Found<\/div>\n        <\/div>\n        \n    <\/div>\n\n        \n<\/div>\n\n\n<h3 class=\"wp-block-heading\">Nos instructrices Kids<\/h3>\n\n\n\n<div id=\"wps-widget--team-4\" class=\"wps-container wps-widget wps-widget--team wps-team-theme--square-01 wps-team--type-grid wps-team-card-action--single-page wps-team--social-hover-up wps-team--thumbnail-shad\" style=\"visibility: hidden; opacity: 0\" data-widget-id=\"4\">\n    \n    \n    <div class=\"wps-container--inner\">\n\n                \n        \n            <div class=\"wps-row\">\n\n                \n                                \n                    <div class=\"wps-col wps-widget--item wps-widget--item-5578 instructeur-kid secretariat\">\n                        <div class=\"wpspeedo-team--single\">\n                            <div class=\"wps-team--single-inner\">\n                                \n                                <div class=\"team-member--thumbnail-wrapper wps-team--member-element\"><div class=\"team-member--thumbnail\"><a href=\"https:\/\/www.kmgmediterranee.fr\/index.php\/wps-members\/flore-c\/\" class=\"\"   aria-label=\"Read More about Flore C..\"><img loading=\"lazy\" decoding=\"async\" width=\"1642\" height=\"1734\" src=\"https:\/\/www.kmgmediterranee.fr\/wp-content\/uploads\/2025\/10\/FCA.png\" class=\"attachment- size- wp-post-image\" alt=\"\" srcset=\"https:\/\/www.kmgmediterranee.fr\/wp-content\/uploads\/2025\/10\/FCA.png 1642w, https:\/\/www.kmgmediterranee.fr\/wp-content\/uploads\/2025\/10\/FCA-284x300.png 284w, https:\/\/www.kmgmediterranee.fr\/wp-content\/uploads\/2025\/10\/FCA-970x1024.png 970w, https:\/\/www.kmgmediterranee.fr\/wp-content\/uploads\/2025\/10\/FCA-768x811.png 768w, https:\/\/www.kmgmediterranee.fr\/wp-content\/uploads\/2025\/10\/FCA-1455x1536.png 1455w\" sizes=\"auto, (max-width: 1642px) 100vw, 1642px\" \/><\/a><\/div><\/div><h3 class=\"wps-team--member-title wps-team--member-element team-member--link\"><a href=\"https:\/\/www.kmgmediterranee.fr\/index.php\/wps-members\/flore-c\/\" class=\"\"  >Flore C.<\/a><\/h3><div class=\"wps-team--divider-wrapper wps-team--member-element\"><div class=\"wps-team--divider\"><\/div><\/div><div class=\"wps-team--member-details wps-team--member-details-excerpt wps-team--member-element\"><p>Avec bienveillance et humour, Flore cr\u00e9e un espace d\u2019enseignement vivant et rassurant, o\u00f9 chacun se sent libre&#8230;<\/p>\n<\/div>\n                            <\/div>\n                        <\/div>\n                    <\/div>\n\n                    \n                \n                                \n                    <div class=\"wps-col wps-widget--item wps-widget--item-3873 instructeur-kid secretariat\">\n                        <div class=\"wpspeedo-team--single\">\n                            <div class=\"wps-team--single-inner\">\n                                \n                                <div class=\"team-member--thumbnail-wrapper wps-team--member-element\"><div class=\"team-member--thumbnail\"><a href=\"https:\/\/www.kmgmediterranee.fr\/index.php\/wps-members\/cristine-p\/\" class=\"\"   aria-label=\"Read More about Cristine P..\"><img loading=\"lazy\" decoding=\"async\" width=\"1159\" height=\"1599\" src=\"https:\/\/www.kmgmediterranee.fr\/wp-content\/uploads\/2025\/09\/CPI.jpg\" class=\"attachment- size- wp-post-image\" alt=\"\" srcset=\"https:\/\/www.kmgmediterranee.fr\/wp-content\/uploads\/2025\/09\/CPI.jpg 1159w, https:\/\/www.kmgmediterranee.fr\/wp-content\/uploads\/2025\/09\/CPI-217x300.jpg 217w, https:\/\/www.kmgmediterranee.fr\/wp-content\/uploads\/2025\/09\/CPI-742x1024.jpg 742w, https:\/\/www.kmgmediterranee.fr\/wp-content\/uploads\/2025\/09\/CPI-768x1060.jpg 768w, https:\/\/www.kmgmediterranee.fr\/wp-content\/uploads\/2025\/09\/CPI-1113x1536.jpg 1113w\" sizes=\"auto, (max-width: 1159px) 100vw, 1159px\" \/><\/a><\/div><\/div><h3 class=\"wps-team--member-title wps-team--member-element team-member--link\"><a href=\"https:\/\/www.kmgmediterranee.fr\/index.php\/wps-members\/cristine-p\/\" class=\"\"  >Cristine P.<\/a><\/h3><div class=\"wps-team--divider-wrapper wps-team--member-element\"><div class=\"wps-team--divider\"><\/div><\/div><div class=\"wps-team--member-details wps-team--member-details-excerpt wps-team--member-element\"><p>Gr\u00e2ce \u00e0 son exp\u00e9rience pr\u00e9cieuse avec les enfants, notre instructrice kid allie bienveillance et s\u00e9rieux pour &#8230;<\/p>\n<\/div>\n                            <\/div>\n                        <\/div>\n                    <\/div>\n\n                    \n                        \n            <\/div>\n\n        \n                <div class=\"wps-team--not-found-wrapper\">\n            <div class=\"wps-team--not-found\">No Results Found<\/div>\n        <\/div>\n        \n    <\/div>\n\n        \n<\/div>\n\n\n<h3 class=\"wp-block-heading\">Nos Secr\u00e9taires<\/h3>\n\n\n\n<div id=\"wps-widget--team-5\" class=\"wps-container wps-widget wps-widget--team wps-team-theme--square-01 wps-team--type-grid wps-team-card-action--single-page wps-team--social-hover-up wps-team--thumbnail-shad\" style=\"visibility: hidden; opacity: 0\" data-widget-id=\"5\">\n    \n    \n    <div class=\"wps-container--inner\">\n\n                \n        \n            <div class=\"wps-row\">\n\n                \n                                \n                    <div class=\"wps-col wps-widget--item wps-widget--item-6239 secretariat\">\n                        <div class=\"wpspeedo-team--single\">\n                            <div class=\"wps-team--single-inner\">\n                                \n                                <div class=\"team-member--thumbnail-wrapper wps-team--member-element\"><div class=\"team-member--thumbnail\"><a href=\"https:\/\/www.kmgmediterranee.fr\/index.php\/wps-members\/melanie-j\/\" class=\"\"   aria-label=\"Read More about M\u00e9lanie J..\"><img loading=\"lazy\" decoding=\"async\" width=\"510\" height=\"728\" src=\"https:\/\/www.kmgmediterranee.fr\/wp-content\/uploads\/2026\/01\/MJO.png\" class=\"attachment- size- wp-post-image\" alt=\"\" srcset=\"https:\/\/www.kmgmediterranee.fr\/wp-content\/uploads\/2026\/01\/MJO.png 510w, https:\/\/www.kmgmediterranee.fr\/wp-content\/uploads\/2026\/01\/MJO-210x300.png 210w\" sizes=\"auto, (max-width: 510px) 100vw, 510px\" \/><\/a><\/div><\/div><h3 class=\"wps-team--member-title wps-team--member-element team-member--link\"><a href=\"https:\/\/www.kmgmediterranee.fr\/index.php\/wps-members\/melanie-j\/\" class=\"\"  >M\u00e9lanie J.<\/a><\/h3><div class=\"wps-team--divider-wrapper wps-team--member-element\"><div class=\"wps-team--divider\"><\/div><\/div><div class=\"wps-team--member-details wps-team--member-details-excerpt wps-team--member-element\"><p>Dans son quotidien comme dans ses projets, M\u00e9lanie avance avec une \u00e9nergie bienveillante, toujours attentive a&#8230;<\/p>\n<\/div>\n                            <\/div>\n                        <\/div>\n                    <\/div>\n\n                    \n                \n                                \n                    <div class=\"wps-col wps-widget--item wps-widget--item-5578 instructeur-kid secretariat\">\n                        <div class=\"wpspeedo-team--single\">\n                            <div class=\"wps-team--single-inner\">\n                                \n                                <div class=\"team-member--thumbnail-wrapper wps-team--member-element\"><div class=\"team-member--thumbnail\"><a href=\"https:\/\/www.kmgmediterranee.fr\/index.php\/wps-members\/flore-c\/\" class=\"\"   aria-label=\"Read More about Flore C..\"><img loading=\"lazy\" decoding=\"async\" width=\"1642\" height=\"1734\" src=\"https:\/\/www.kmgmediterranee.fr\/wp-content\/uploads\/2025\/10\/FCA.png\" class=\"attachment- size- wp-post-image\" alt=\"\" srcset=\"https:\/\/www.kmgmediterranee.fr\/wp-content\/uploads\/2025\/10\/FCA.png 1642w, https:\/\/www.kmgmediterranee.fr\/wp-content\/uploads\/2025\/10\/FCA-284x300.png 284w, https:\/\/www.kmgmediterranee.fr\/wp-content\/uploads\/2025\/10\/FCA-970x1024.png 970w, https:\/\/www.kmgmediterranee.fr\/wp-content\/uploads\/2025\/10\/FCA-768x811.png 768w, https:\/\/www.kmgmediterranee.fr\/wp-content\/uploads\/2025\/10\/FCA-1455x1536.png 1455w\" sizes=\"auto, (max-width: 1642px) 100vw, 1642px\" \/><\/a><\/div><\/div><h3 class=\"wps-team--member-title wps-team--member-element team-member--link\"><a href=\"https:\/\/www.kmgmediterranee.fr\/index.php\/wps-members\/flore-c\/\" class=\"\"  >Flore C.<\/a><\/h3><div class=\"wps-team--divider-wrapper wps-team--member-element\"><div class=\"wps-team--divider\"><\/div><\/div><div class=\"wps-team--member-details wps-team--member-details-excerpt wps-team--member-element\"><p>Avec bienveillance et humour, Flore cr\u00e9e un espace d\u2019enseignement vivant et rassurant, o\u00f9 chacun se sent libre&#8230;<\/p>\n<\/div>\n                            <\/div>\n                        <\/div>\n                    <\/div>\n\n                    \n                \n                                \n                    <div class=\"wps-col wps-widget--item wps-widget--item-3873 instructeur-kid secretariat\">\n                        <div class=\"wpspeedo-team--single\">\n                            <div class=\"wps-team--single-inner\">\n                                \n                                <div class=\"team-member--thumbnail-wrapper wps-team--member-element\"><div class=\"team-member--thumbnail\"><a href=\"https:\/\/www.kmgmediterranee.fr\/index.php\/wps-members\/cristine-p\/\" class=\"\"   aria-label=\"Read More about Cristine P..\"><img loading=\"lazy\" decoding=\"async\" width=\"1159\" height=\"1599\" src=\"https:\/\/www.kmgmediterranee.fr\/wp-content\/uploads\/2025\/09\/CPI.jpg\" class=\"attachment- size- wp-post-image\" alt=\"\" srcset=\"https:\/\/www.kmgmediterranee.fr\/wp-content\/uploads\/2025\/09\/CPI.jpg 1159w, https:\/\/www.kmgmediterranee.fr\/wp-content\/uploads\/2025\/09\/CPI-217x300.jpg 217w, https:\/\/www.kmgmediterranee.fr\/wp-content\/uploads\/2025\/09\/CPI-742x1024.jpg 742w, https:\/\/www.kmgmediterranee.fr\/wp-content\/uploads\/2025\/09\/CPI-768x1060.jpg 768w, https:\/\/www.kmgmediterranee.fr\/wp-content\/uploads\/2025\/09\/CPI-1113x1536.jpg 1113w\" sizes=\"auto, (max-width: 1159px) 100vw, 1159px\" \/><\/a><\/div><\/div><h3 class=\"wps-team--member-title wps-team--member-element team-member--link\"><a href=\"https:\/\/www.kmgmediterranee.fr\/index.php\/wps-members\/cristine-p\/\" class=\"\"  >Cristine P.<\/a><\/h3><div class=\"wps-team--divider-wrapper wps-team--member-element\"><div class=\"wps-team--divider\"><\/div><\/div><div class=\"wps-team--member-details wps-team--member-details-excerpt wps-team--member-element\"><p>Gr\u00e2ce \u00e0 son exp\u00e9rience pr\u00e9cieuse avec les enfants, notre instructrice kid allie bienveillance et s\u00e9rieux pour &#8230;<\/p>\n<\/div>\n                            <\/div>\n                        <\/div>\n                    <\/div>\n\n                    \n                        \n            <\/div>\n\n        \n                <div class=\"wps-team--not-found-wrapper\">\n            <div class=\"wps-team--not-found\">No Results Found<\/div>\n        <\/div>\n        \n    <\/div>\n\n        \n<\/div>","protected":false},"excerpt":{"rendered":"<p>Qui est qui ou voici la courte pr\u00e9sentation de nos instructeurs Notre pr\u00e9sident d&#8217;association Nos instructeurs et aide-instructeur Ado\/Adultes Nos instructrices Kids Nos Secr\u00e9taires<\/p>\n","protected":false},"author":2,"featured_media":0,"parent":0,"menu_order":0,"comment_status":"closed","ping_status":"closed","template":"","meta":{"footnotes":""},"class_list":["post-3854","page","type-page","status-publish","hentry"],"_links":{"self":[{"href":"https:\/\/www.kmgmediterranee.fr\/index.php\/wp-json\/wp\/v2\/pages\/3854","targetHints":{"allow":["GET"]}}],"collection":[{"href":"https:\/\/www.kmgmediterranee.fr\/index.php\/wp-json\/wp\/v2\/pages"}],"about":[{"href":"https:\/\/www.kmgmediterranee.fr\/index.php\/wp-json\/wp\/v2\/types\/page"}],"author":[{"embeddable":true,"href":"https:\/\/www.kmgmediterranee.fr\/index.php\/wp-json\/wp\/v2\/users\/2"}],"replies":[{"embeddable":true,"href":"https:\/\/www.kmgmediterranee.fr\/index.php\/wp-json\/wp\/v2\/comments?post=3854"}],"version-history":[{"count":25,"href":"https:\/\/www.kmgmediterranee.fr\/index.php\/wp-json\/wp\/v2\/pages\/3854\/revisions"}],"predecessor-version":[{"id":6281,"href":"https:\/\/www.kmgmediterranee.fr\/index.php\/wp-json\/wp\/v2\/pages\/3854\/revisions\/6281"}],"wp:attachment":[{"href":"https:\/\/www.kmgmediterranee.fr\/index.php\/wp-json\/wp\/v2\/media?parent=3854"}],"curies":[{"name":"wp","href":"https:\/\/api.w.org\/{rel}","templated":true}]}}