{"id":274,"date":"2025-05-27T13:21:09","date_gmt":"2025-05-27T11:21:09","guid":{"rendered":"https:\/\/www.kmgmediterranee.fr\/?page_id=274"},"modified":"2025-09-05T10:37:35","modified_gmt":"2025-09-05T08:37:35","slug":"histoire-association","status":"publish","type":"page","link":"https:\/\/www.kmgmediterranee.fr\/index.php\/histoire-association\/","title":{"rendered":"Association : son aventure"},"content":{"rendered":"\n<h3 class=\"wp-block-heading has-text-align-center\"><strong>ENTRETIEN AVEC UN PASSIONN\u00c9 DU KRAV MAGA \u00c0 ARGEL\u00c8S-SUR-MER<\/strong><\/h3>\n\n\n\n<p class=\"has-text-align-center\">Le pr\u00e9sident de l&#8217;association : <strong><em><mark style=\"background-color:rgba(0, 0, 0, 0)\" class=\"has-inline-color has-luminous-vivid-orange-color\">Sylvain DENICOURT<\/mark><\/em><\/strong><\/p>\n\n\n\n<p><em>En juillet 2016 naissait une \u00e9cole de krav maga \u00e0 Argel\u00e8s-sur-Mer, fruit d\u2019un long chemin personnel et professionnel. Rencontre avec l\u2019un des fondateurs, dont le parcours inspire par sa constance, son engagement et sa philosophie de vie.<\/em><\/p>\n\n\n\n<p><\/p>\n\n\n\n<blockquote class=\"wp-block-quote has-text-align-center is-layout-flow wp-block-quote-is-layout-flow\">\n<p class=\"has-text-align-center\"><sup><kbd>Port\u00e9e par une dynamique inclusive, l\u2019association se distingue par la diversit\u00e9 des aspirations de ses membres \u2014 allant de la remise en forme physique \u00e0 une exploration tactique du krav maga \u2014 et s\u2019affirme comme un v\u00e9ritable havre de s\u00e9r\u00e9nit\u00e9 o\u00f9 chacun progresse \u00e0 son rythme. C\u2019est cette coh\u00e9sion bienveillante, fond\u00e9e sur le respect des objectifs individuels et le soutien collectif, qui constitue le cha\u00eenon essentiel du lien associatif : une famille unie par le d\u00e9passement de soi.<\/kbd><\/sup><\/p>\n<\/blockquote>\n\n\n\n<p><\/p>\n\n\n\n<p><strong>Pourquoi avoir cr\u00e9\u00e9 cette \u00e9cole en 2016 ?<\/strong> L\u2019obtention de mon dipl\u00f4me d&#8217;instructeur cette m\u00eame ann\u00e9e a \u00e9t\u00e9 l&#8217;\u00e9l\u00e9ment d\u00e9clencheur. Je r\u00eavais d&#8217;ouvrir une \u00e9cole \u00e0 Argel\u00e8s pour partager une pratique authentique du krav maga, ancr\u00e9e dans la r\u00e9alit\u00e9 du terrain.<\/p>\n\n\n\n<p><strong>Quel est ton parcours avant cette aventure ?<\/strong> J\u2019ai toujours eu un profil sportif. J\u2019ai commenc\u00e9 par le football jusqu\u2019\u00e0 l\u2019\u00e2ge de 14 ans, puis la boxe m\u2019a happ\u00e9 : Kick-boxing, anglaise\u2026 En 1997, je deviens champion de France de kick face \u00e0 un adversaire de Cannes.<\/p>\n\n\n\n<p>Cette m\u00eame ann\u00e9e, j\u2019int\u00e8gre un r\u00e9giment RCR o\u00f9 je continue \u00e0 boxer au bataillon de Joinville, aux c\u00f4t\u00e9s d&#8217;internationaux. Une exp\u00e9rience marquante. Ensuite, en 1999, je rejoins la gendarmerie comme r\u00e9serviste, tout en reprenant l\u2019entra\u00eenement dans mon ancien club.<\/p>\n\n\n\n<p>En 2001, j\u2019int\u00e8gre le PSIG et c\u2019est l\u00e0 que tout bascule : un coll\u00e8gue me fait d\u00e9couvrir le krav maga. Encore m\u00e9connu \u00e0 l\u2019\u00e9poque, j\u2019ai tout de suite accroch\u00e9 \u00e0 cette discipline r\u00e9aliste, efficace et compl\u00e8te. De l\u00e0, je pratique les deux disciplines en parall\u00e8le jusqu\u2019\u00e0 me consacrer enti\u00e8rement au krav maga d\u00e8s 2006.<\/p>\n\n\n\n<p><strong>Et comment passes-tu d\u2019\u00e9l\u00e8ve \u00e0 instructeur ?<\/strong> Je deviens aide-instructeur d\u00e8s 2007. Apr\u00e8s un retour dans les Pyr\u00e9n\u00e9es-Orientales en 2009, je poursuis l\u2019apprentissage \u00e0 Perpignan et en 2013, je prends la pr\u00e9sidence de l\u2019\u00e9cole locale de krav maga. J\u2019obtiens ma ceinture marron puis noire. En 2016, je passe un cap : je d\u00e9missionne de la pr\u00e9sidence, d\u00e9croche mon dipl\u00f4me d\u2019instructeur et fonde ma propre \u00e9cole avec Gilles Landric.<\/p>\n\n\n\n<p><strong>Vous \u00eates donc partis \u00e0 deux ?<\/strong> Oui, \u00e0 deux comme des grands. J\u2019ai longtemps \u00e9t\u00e9 le seul instructeur en activit\u00e9.<\/p>\n\n\n\n<p><strong>L\u2019\u00e9cole est affili\u00e9e \u00e0 quelle branche du krav maga ?<\/strong> Nous sommes en lien direct avec Eyal Yanilov, bras droit du fondateur du krav maga. C\u2019est une r\u00e9f\u00e9rence mondiale dans le domaine.<\/p>\n\n\n\n<p><strong>Quelle est ta vision de cette discipline ?<\/strong> Chacun vient au krav maga avec ses propres attentes, son histoire. Pour moi, c\u2019est un outil de transformation personnelle. Je cherche \u00e0 devenir une meilleure version de moi-m\u00eame \u00e0 chaque entra\u00eenement. Et \u00e7a influence tout : ma mani\u00e8re d&#8217;agir, de r\u00e9agir, avec les proches comme avec ceux qu\u2019on pourrait appeler \u201cadversaires\u201d.<\/p>\n\n\n\n<p><strong>Concr\u00e8tement, qu\u2019est-ce que cette pratique t\u2019a apport\u00e9 ?<\/strong> Une forme de calme, int\u00e9rieure comme ext\u00e9rieure. Face \u00e0 des situations parfois tendues ou difficiles, le krav m\u2019a permis de garder une clart\u00e9 et un ancrage pr\u00e9cieux.<\/p>\n\n\n\n<p><strong>Et aujourd\u2019hui, comment fonctionne l\u2019association ?<\/strong> Le bureau est compos\u00e9 de plusieurs personnes cl\u00e9s :<\/p>\n\n\n\n<ul class=\"wp-block-list\">\n<li><em>Secr\u00e9taires<\/em> : <mark style=\"background-color:rgba(0, 0, 0, 0)\" class=\"has-inline-color has-luminous-vivid-orange-color\">Cristine, Flore et M\u00e9lanie<\/mark><\/li>\n\n\n\n<li><em>Responsables mat\u00e9riel<\/em> : <mark style=\"background-color:rgba(0, 0, 0, 0)\" class=\"has-inline-color has-luminous-vivid-orange-color\">Christophe et Ma\u00eblys<\/mark><\/li>\n\n\n\n<li><em>Instructeurs<\/em> : <mark style=\"background-color:rgba(0, 0, 0, 0)\" class=\"has-inline-color has-luminous-vivid-orange-color\">Flore, S\u00e9bastien et moi-m\u00eame<\/mark><\/li>\n\n\n\n<li><em>Aides-instructeurs<\/em> : <mark style=\"background-color:rgba(0, 0, 0, 0)\" class=\"has-inline-color has-luminous-vivid-orange-color\">Christophe et Cristine<\/mark><\/li>\n\n\n\n<li><em>Tr\u00e9sorier<\/em> : <mark style=\"background-color:rgba(0, 0, 0, 0)\" class=\"has-inline-color has-luminous-vivid-orange-color\">M\u00e9lanie<\/mark><\/li>\n<\/ul>\n\n\n\n<p><strong>Et c\u00f4t\u00e9 fr\u00e9quentation ?<\/strong> En 2016, nous avions 20 adh\u00e9rents. Juste avant la pand\u00e9mie, nous avions atteint 120 membres. Apr\u00e8s une baisse post-COVID \u00e0 50 adh\u00e9rents, nous sommes aujourd\u2019hui en 2025 \u00e0 environ 90 pratiquants. Une belle dynamique qui montre que l\u2019\u00e9cole a su rebondir. <\/p>\n\n\n\n<p><\/p>\n\n\n\n<p><\/p>\n","protected":false},"excerpt":{"rendered":"<p>ENTRETIEN AVEC UN PASSIONN\u00c9 DU KRAV MAGA \u00c0 ARGEL\u00c8S-SUR-MER Le pr\u00e9sident de l&#8217;association : Sylvain DENICOURT En juillet 2016 naissait une \u00e9cole de krav maga \u00e0 Argel\u00e8s-sur-Mer, fruit d\u2019un long chemin personnel et professionnel. Rencontre avec l\u2019un des fondateurs, dont le parcours inspire par sa constance, son engagement et sa philosophie de vie. Port\u00e9e par [&hellip;]<\/p>\n","protected":false},"author":2,"featured_media":0,"parent":0,"menu_order":0,"comment_status":"closed","ping_status":"closed","template":"","meta":{"footnotes":""},"class_list":["post-274","page","type-page","status-publish","hentry"],"_links":{"self":[{"href":"https:\/\/www.kmgmediterranee.fr\/index.php\/wp-json\/wp\/v2\/pages\/274","targetHints":{"allow":["GET"]}}],"collection":[{"href":"https:\/\/www.kmgmediterranee.fr\/index.php\/wp-json\/wp\/v2\/pages"}],"about":[{"href":"https:\/\/www.kmgmediterranee.fr\/index.php\/wp-json\/wp\/v2\/types\/page"}],"author":[{"embeddable":true,"href":"https:\/\/www.kmgmediterranee.fr\/index.php\/wp-json\/wp\/v2\/users\/2"}],"replies":[{"embeddable":true,"href":"https:\/\/www.kmgmediterranee.fr\/index.php\/wp-json\/wp\/v2\/comments?post=274"}],"version-history":[{"count":19,"href":"https:\/\/www.kmgmediterranee.fr\/index.php\/wp-json\/wp\/v2\/pages\/274\/revisions"}],"predecessor-version":[{"id":3892,"href":"https:\/\/www.kmgmediterranee.fr\/index.php\/wp-json\/wp\/v2\/pages\/274\/revisions\/3892"}],"wp:attachment":[{"href":"https:\/\/www.kmgmediterranee.fr\/index.php\/wp-json\/wp\/v2\/media?parent=274"}],"curies":[{"name":"wp","href":"https:\/\/api.w.org\/{rel}","templated":true}]}}