{"id":260,"date":"2025-12-17T12:59:09","date_gmt":"2025-12-17T11:59:09","guid":{"rendered":"https:\/\/www.kmgmediterranee.fr\/?page_id=260"},"modified":"2026-04-13T13:42:26","modified_gmt":"2026-04-13T11:42:26","slug":"evenements","status":"publish","type":"page","link":"https:\/\/www.kmgmediterranee.fr\/index.php\/evenements\/","title":{"rendered":"Ev\u00e9nements"},"content":{"rendered":"\n<p class=\"has-text-align-center\"><strong>Voici les \u00e9v\u00e8nements qui rythment la vie du club ! La liste change chaque saison, <\/strong><\/p>\n\n\n\n<p class=\"has-text-align-center\"><strong>alors n\u2019h\u00e9sitez pas \u00e0 y jeter un coup d\u2019\u0153il.<\/strong><\/p>\n\n\n\n<p>Vous pouvez retrouver le calendrier annuel <a href=\"https:\/\/www.kmgmediterranee.fr\/index.php\/calendrier-annuel\/\" data-type=\"link\" data-id=\"https:\/\/www.kmgmediterranee.fr\/index.php\/calendrier-annuel\/\">ici<\/a><\/p>\n\n\n\n<h4 class=\"wp-block-heading has-text-align-center\"><\/h4>\n\n\n\n<h4 class=\"wp-block-heading has-text-align-center\">Le stage femmes 2026 : le <mark style=\"background-color:rgba(0, 0, 0, 0)\" class=\"has-inline-color has-luminous-vivid-orange-color\"><span style=\"text-decoration: underline;\">11\/04\/2026<\/span><\/mark><\/h4>\n\n\n\n<p class=\"has-text-align-left\">\u00e7a y est, c&#8217;est d\u00e9j\u00e0 fini. <\/p>\n\n\n\n<p>Stage Femme 2026 : vous avez \u00e9t\u00e9 incroyables. Merci \u00e0 toutes les participantes pour votre engagement et votre d\u00e9termination.<br>Un grand merci \u00e9galement \u00e0 nos adh\u00e9rents pour leur aide pr\u00e9cieuse. Sans vous, rien de tout cela ne serait possible.<br>Quelle \u00e9quipe, quelle \u00e9nergie ! On remet \u00e7a l&#8217;ann\u00e9e prochaine <\/p>\n\n\n\n<p>Ps : les photos arrivent tr\u00e8s vite<\/p>\n\n\n\n<h4 class=\"wp-block-heading has-text-align-center\"><strong>Autres stages : En pr\u00e9paration<\/strong><\/h4>\n\n\n\n<p>Nos instructeurs sont en pleine \u00e9bullition pour vous concocter des <strong>stages de folie<\/strong> tout au long de l\u2019ann\u00e9e : en salle ou en plein air, et toujours avec la m\u00eame \u00e9nergie explosive ! Que vous soyez d\u00e9butant.e ou d\u00e9j\u00e0 mordu.e de self-d\u00e9fense, pr\u00e9parez-vous \u00e0 vivre des exp\u00e9riences intenses, vari\u00e9es et ultra motivantes !<\/p>\n\n\n\n<p>Les d\u00e9tails arrivent tr\u00e8s bient\u00f4t\u2026 alors <strong><span style=\"text-decoration: underline;\">restez connect\u00e9.es<\/span><\/strong>, car chaque stage sera une occasion unique de progresser, de vous d\u00e9passer et de partager des moments forts avec la team !<\/p>\n\n\n\n<p><\/p>\n\n\n\n<h2 class=\"wp-block-heading has-text-align-center\"><strong>Partenariat avec D\u00e9cathlon<\/strong><\/h2>\n\n\n\n<p><strong>Notre \u00e9quipe de choc a frapp\u00e9 fort !<\/strong> Gr\u00e2ce \u00e0 un partenariat exclusif avec Decathlon, vous b\u00e9n\u00e9ficiez d\u2019<strong>avantages de feu<\/strong> pour vous \u00e9quiper toute l\u2019ann\u00e9e comme un.e pro. Que ce soit pour vos entra\u00eenements en salle ou en ext\u00e9rieur, vous allez pouvoir allier confort, performance et style sans vous ruiner. Pr\u00e9parez-vous \u00e0 booster vos sessions avec du matos au top !<\/p>\n\n\n\n<p><strong>N\u2019h\u00e9sitez pas \u00e0 vous rapprocher de Cristine, Flore ou M\u00e9lanie<\/strong> pour conna\u00eetre tous les d\u00e9tails et profiter pleinement de ces offres ! <\/p>\n\n\n\n<p><strong>N\u2019h\u00e9sitez pas \u00e0 vous rapprocher de Christophe (Kiki) ou Ma\u00eblys<\/strong> pour conna\u00eetre tous les informations sur les \u00e9quipements disponibles !<\/p>\n\n\n\n<h4 class=\"wp-block-heading has-text-align-center\"><strong>Ap\u00e9ro de No\u00ebl 2025<\/strong><\/h4>\n\n\n\n<figure class=\"wp-block-image size-large\"><img loading=\"lazy\" decoding=\"async\" width=\"1024\" height=\"683\" src=\"http:\/\/www.kmgmediterranee.fr\/wp-content\/uploads\/2025\/12\/Noel-2025-1024x683.jpg\" alt=\"\" class=\"wp-image-6114\"\/><\/figure>\n\n\n\n<p><\/p>\n\n\n\n<h4 class=\"wp-block-heading has-text-align-center\">Stage de Yoga par Laure de <a href=\"https:\/\/sweet-om.wixsite.com\/yogaetmassages\">Sweet-Om<\/a> : le <mark style=\"background-color:rgba(0, 0, 0, 0)\" class=\"has-inline-color has-luminous-vivid-orange-color\"><a href=\"https:\/\/www.kmgmediterranee.fr\/wp-admin\/post.php?post=5965&amp;action=edit\" data-type=\"link\" data-id=\"https:\/\/www.kmgmediterranee.fr\/wp-admin\/post.php?post=5965&amp;action=edit\">03\/01\/2026<\/a><\/mark><\/h4>\n\n\n\n<div class=\"wp-block-group is-vertical is-layout-flex wp-container-core-group-is-layout-8cf370e7 wp-block-group-is-layout-flex\">\n<p>Laure offrira \u00e0 nos adh\u00e9rents un v\u00e9ritable moment de d\u00e9tente et de douceur, id\u00e9al pour nous pr\u00e9parer \u00e0 la reprise du 7 janvier.<\/p>\n\n\n\n<p>Elle nous accompagnera pour nous mettre dans les meilleures conditions afin de d\u00e9marrer cette nouvelle ann\u00e9e en harmonie.<\/p>\n\n\n\n<p><strong>Une galette des rois<\/strong> nous attendra \u00e0 l\u2019issue de cette session d\u00e9couverte, afin de c\u00e9l\u00e9brer l\u2019arriv\u00e9e d\u2019une nouvelle ann\u00e9e qui s\u2019annonce riche en surprises et en \u00e9changes.<\/p>\n<\/div>\n","protected":false},"excerpt":{"rendered":"<p>Voici les \u00e9v\u00e8nements qui rythment la vie du club ! La liste change chaque saison, alors n\u2019h\u00e9sitez pas \u00e0 y jeter un coup d\u2019\u0153il. Vous pouvez retrouver le calendrier annuel ici Le stage femmes 2026 : le 11\/04\/2026 \u00e7a y est, c&#8217;est d\u00e9j\u00e0 fini. Stage Femme 2026 : vous avez \u00e9t\u00e9 incroyables. Merci \u00e0 toutes [&hellip;]<\/p>\n","protected":false},"author":2,"featured_media":0,"parent":0,"menu_order":0,"comment_status":"closed","ping_status":"closed","template":"","meta":{"footnotes":""},"class_list":["post-260","page","type-page","status-publish","hentry"],"_links":{"self":[{"href":"https:\/\/www.kmgmediterranee.fr\/index.php\/wp-json\/wp\/v2\/pages\/260","targetHints":{"allow":["GET"]}}],"collection":[{"href":"https:\/\/www.kmgmediterranee.fr\/index.php\/wp-json\/wp\/v2\/pages"}],"about":[{"href":"https:\/\/www.kmgmediterranee.fr\/index.php\/wp-json\/wp\/v2\/types\/page"}],"author":[{"embeddable":true,"href":"https:\/\/www.kmgmediterranee.fr\/index.php\/wp-json\/wp\/v2\/users\/2"}],"replies":[{"embeddable":true,"href":"https:\/\/www.kmgmediterranee.fr\/index.php\/wp-json\/wp\/v2\/comments?post=260"}],"version-history":[{"count":28,"href":"https:\/\/www.kmgmediterranee.fr\/index.php\/wp-json\/wp\/v2\/pages\/260\/revisions"}],"predecessor-version":[{"id":6291,"href":"https:\/\/www.kmgmediterranee.fr\/index.php\/wp-json\/wp\/v2\/pages\/260\/revisions\/6291"}],"wp:attachment":[{"href":"https:\/\/www.kmgmediterranee.fr\/index.php\/wp-json\/wp\/v2\/media?parent=260"}],"curies":[{"name":"wp","href":"https:\/\/api.w.org\/{rel}","templated":true}]}}