{"id":245,"date":"2025-05-13T13:58:56","date_gmt":"2025-05-13T11:58:56","guid":{"rendered":"https:\/\/www.kmgmediterranee.fr\/?page_id=245"},"modified":"2025-09-02T19:49:04","modified_gmt":"2025-09-02T17:49:04","slug":"entrainements","status":"publish","type":"page","link":"https:\/\/www.kmgmediterranee.fr\/index.php\/entrainements\/","title":{"rendered":"S\u00e9ances"},"content":{"rendered":"\n<h2 class=\"wp-block-heading\">Dates de la saison 2025-2026<\/h2>\n\n\n\n<p>Le forum des Association : <strong><span style=\"text-decoration: underline;\">le 06\/09\/2025<\/span><\/strong><\/p>\n\n\n\n<p>D\u00e9but des entrainements : <strong><span style=\"text-decoration: underline;\">le 10\/09\/2025<\/span><\/strong><\/p>\n\n\n\n<h2 class=\"wp-block-heading\">Les Tarifs <\/h2>\n\n\n\n<p class=\"has-small-font-size\">Venez les retrouver <a href=\"https:\/\/www.kmgmediterranee.fr\/index.php\/tarifs\/\" data-type=\"page\" data-id=\"2115\">ici<\/a> <\/p>\n\n\n\n<h2 class=\"wp-block-heading\">Les entrainements <\/h2>\n\n\n\n<p>Retrouvez nous selon les s\u00e9ances de cette ann\u00e9e 2025-2026<\/p>\n\n\n\n<h3 class=\"wp-block-heading has-luminous-vivid-orange-color has-text-color has-link-color wp-elements-32dfac5fdf8eaaf4f5870c72934449dc\">Les Kids <\/h3>\n\n\n\n<p>2 s\u00e9ances pour les <strong>Kids<\/strong> en fonction de leur \u00e2ge (\u00e0 partir de 5 ans)<\/p>\n\n\n\n<ul class=\"wp-block-list\">\n<li>mercredi 18h-18h45 (enfant de 5 \u00e0 8\/9 ans)<\/li>\n\n\n\n<li>mercredi 18h45-19h30 (enfant de 9 \u00e0 13 ans)<\/li>\n<\/ul>\n\n\n\n<p>Rendez-vous \u00e0 l&#8217;<strong><a href=\"https:\/\/maps.app.goo.gl\/m1SUchByBxarQ1om9\">Espace sportif Waldeck Rousseau<\/a><\/strong>&#8211; 23 chemin de Palau, 66700 Argel\u00e8s-sur-Mer<\/p>\n\n\n<div id=\"lmm_a7cf9772\" style=\"width:640px;\" class=\"mapsmarker markermap marker-2\">\n<div id=\"lmm_panel_a7cf9772\" class=\"lmm-panel\" style=\"background:#efefef;\">\n<div id=\"lmm_panel_api_a7cf9772\" class=\"lmm-panel-api\"><a href=\"https:\/\/maps.google.com\/maps?daddr=42.552995,3.014251&amp;t=m&amp;layer=1&amp;doflg=ptk&amp;om=0\" target=\"_blank\" title=\"Obtenir l&#039;itin\u00e9raire\"><img loading=\"lazy\" decoding=\"async\" alt=\"icon-car.png\" src=\"https:\/\/www.kmgmediterranee.fr\/wp-content\/plugins\/leaflet-maps-marker\/inc\/img\/icon-car.png\" width=\"14\" height=\"14\" class=\"lmm-panel-api-images\" \/><\/a><\/div><div id=\"lmm_panel_text_a7cf9772\" class=\"lmm-panel-text\" style=\"font-weight:bold;color:#373737;\">Espace sportif Waldeck Rousseau<\/div><\/div>\n<div id=\"lmm_map_a7cf9772\" class=\"lmm-map\" style=\"background:#f6f6f6;border:1px solid #ccc;height:300px; overflow:hidden;padding:0;\"><p style=\"font-size:80%;color:#9f9e9e;margin-left:5px;\">chargement de la carte - veuillez patienter...<noscript><br\/><strong>La carte ne peut \u00eatre charg\u00e9e - s'il vous pla\u00eet activer Javascript !<\/strong><br\/><a style=\"text-decoration:none;\" href=\"https:\/\/www.mapsmarker.com\/js-disabled\" target=\"_blank\">&rarr; plus dginformations<\/a><\/noscript><\/p><\/div>\n<div id=\"lmm_geo_tags_a7cf9772\" class=\"lmm-geo-tags geo\">\n<span class=\"paneltext\">Espace sportif Waldeck Rousseau<\/span>\n<span class=\"latitude\">42.552995<\/span>, <span class=\"longitude\">3.014251<\/span>\n<span class=\"popuptext\"><\/span>\n<\/div>\n<\/div>\n\n\n\n<p><\/p>\n\n\n\n<p><\/p>\n\n\n\n<h3 class=\"wp-block-heading has-luminous-vivid-orange-color has-text-color has-link-color wp-elements-38ad8e6ff6c533ab2b22385f55f2ab7a\">Les Ados de +14 ans et les Adultes<\/h3>\n\n\n\n<p>Ils ont 3 s\u00e9ances :<\/p>\n\n\n\n<ul class=\"wp-block-list\">\n<li><strong>Cours tous niveaux<\/strong>\n<ul class=\"wp-block-list\">\n<li>mercredi 19h45-21h15<\/li>\n\n\n\n<li>samedi 10h-12h<\/li>\n<\/ul>\n<\/li>\n\n\n\n<li><strong>Cours confirm\u00e9 et combat<\/strong>\n<ul class=\"wp-block-list\">\n<li>jeudi 19h-20h30<\/li>\n<\/ul>\n<\/li>\n<\/ul>\n\n\n\n<p>Rendez-vous \u00e0 la salle C\u00f4me du <a href=\"https:\/\/maps.app.goo.gl\/syiNVW6zd8TGkrYK6\"><strong>Gymnase Fr\u00e9do Trescases<\/strong><\/a> &#8211; 17 route de Taxo, 66700 Argel\u00e8s-sur-Mer<\/p>\n\n\n<div id=\"lmm_94ca4027\" style=\"width:640px;\" class=\"mapsmarker markermap marker-1\">\n<div id=\"lmm_panel_94ca4027\" class=\"lmm-panel\" style=\"background:#efefef;\">\n<div id=\"lmm_panel_api_94ca4027\" class=\"lmm-panel-api\"><a href=\"https:\/\/maps.google.com\/maps?daddr=42.567186,3.004997&amp;t=m&amp;layer=1&amp;doflg=ptk&amp;om=0\" target=\"_blank\" title=\"Obtenir l&#039;itin\u00e9raire\"><img loading=\"lazy\" decoding=\"async\" alt=\"icon-car.png\" src=\"https:\/\/www.kmgmediterranee.fr\/wp-content\/plugins\/leaflet-maps-marker\/inc\/img\/icon-car.png\" width=\"14\" height=\"14\" class=\"lmm-panel-api-images\" \/><\/a><\/div><div id=\"lmm_panel_text_94ca4027\" class=\"lmm-panel-text\" style=\"font-weight:bold;color:#373737;\">Gymnase Fr\u00e9do Trescases<\/div><\/div>\n<div id=\"lmm_map_94ca4027\" class=\"lmm-map\" style=\"background:#f6f6f6;border:1px solid #ccc;height:300px; overflow:hidden;padding:0;\"><p style=\"font-size:80%;color:#9f9e9e;margin-left:5px;\">chargement de la carte - veuillez patienter...<noscript><br\/><strong>La carte ne peut \u00eatre charg\u00e9e - s'il vous pla\u00eet activer Javascript !<\/strong><br\/><a style=\"text-decoration:none;\" href=\"https:\/\/www.mapsmarker.com\/js-disabled\" target=\"_blank\">&rarr; plus dginformations<\/a><\/noscript><\/p><\/div>\n<div id=\"lmm_geo_tags_94ca4027\" class=\"lmm-geo-tags geo\">\n<span class=\"paneltext\">Gymnase Fr\u00e9do Trescases<\/span>\n<span class=\"latitude\">42.567186<\/span>, <span class=\"longitude\">3.004997<\/span>\n<span class=\"popuptext\"><\/span>\n<\/div>\n<\/div>\n","protected":false},"excerpt":{"rendered":"<p>Dates de la saison 2025-2026 Le forum des Association : le 06\/09\/2025 D\u00e9but des entrainements : le 10\/09\/2025 Les Tarifs Venez les retrouver ici Les entrainements Retrouvez nous selon les s\u00e9ances de cette ann\u00e9e 2025-2026 Les Kids 2 s\u00e9ances pour les Kids en fonction de leur \u00e2ge (\u00e0 partir de 5 ans) Rendez-vous \u00e0 l&#8217;Espace [&hellip;]<\/p>\n","protected":false},"author":2,"featured_media":0,"parent":0,"menu_order":0,"comment_status":"closed","ping_status":"closed","template":"","meta":{"footnotes":""},"class_list":["post-245","page","type-page","status-publish","hentry"],"_links":{"self":[{"href":"https:\/\/www.kmgmediterranee.fr\/index.php\/wp-json\/wp\/v2\/pages\/245","targetHints":{"allow":["GET"]}}],"collection":[{"href":"https:\/\/www.kmgmediterranee.fr\/index.php\/wp-json\/wp\/v2\/pages"}],"about":[{"href":"https:\/\/www.kmgmediterranee.fr\/index.php\/wp-json\/wp\/v2\/types\/page"}],"author":[{"embeddable":true,"href":"https:\/\/www.kmgmediterranee.fr\/index.php\/wp-json\/wp\/v2\/users\/2"}],"replies":[{"embeddable":true,"href":"https:\/\/www.kmgmediterranee.fr\/index.php\/wp-json\/wp\/v2\/comments?post=245"}],"version-history":[{"count":26,"href":"https:\/\/www.kmgmediterranee.fr\/index.php\/wp-json\/wp\/v2\/pages\/245\/revisions"}],"predecessor-version":[{"id":3961,"href":"https:\/\/www.kmgmediterranee.fr\/index.php\/wp-json\/wp\/v2\/pages\/245\/revisions\/3961"}],"wp:attachment":[{"href":"https:\/\/www.kmgmediterranee.fr\/index.php\/wp-json\/wp\/v2\/media?parent=245"}],"curies":[{"name":"wp","href":"https:\/\/api.w.org\/{rel}","templated":true}]}}