{"id":2115,"date":"2026-01-05T13:41:49","date_gmt":"2026-01-05T12:41:49","guid":{"rendered":"https:\/\/www.kmgmediterranee.fr\/?page_id=2115"},"modified":"2026-03-30T13:00:03","modified_gmt":"2026-03-30T11:00:03","slug":"tarifs","status":"publish","type":"page","link":"https:\/\/www.kmgmediterranee.fr\/index.php\/tarifs\/","title":{"rendered":"Tarifs"},"content":{"rendered":"\n<div class=\"wp-block-buttons is-content-justification-center is-layout-flex wp-container-core-buttons-is-layout-16018d1d wp-block-buttons-is-layout-flex\">\n<div class=\"wp-block-button\"><a class=\"wp-block-button__link wp-element-button\" href=\"https:\/\/kmg-mediterranee.assoconnect.com\/collect\/description\/654463-u-inscription-2025-avril-juin26\"><mark style=\"background-color:rgba(0, 0, 0, 0)\" class=\"has-inline-color has-luminous-vivid-orange-color\">M&#8217;inscrire maintenant<\/mark><\/a><\/div>\n<\/div>\n\n\n\n<h5 class=\"wp-block-heading has-luminous-vivid-orange-color has-text-color has-link-color has-medium-font-size wp-elements-6100f128011ba19e67613c9fb09e4191\">Les tarifs annuels de la saison 2025-2026<\/h5>\n\n\n\n<p class=\"has-small-font-size\"><span style=\"text-decoration: underline;\"><strong>Les tarifs sont d\u00e9gressifs \u00e0 partir de D\u00e9cembre 2025<\/strong><\/span> &#8211; N&#8217;h\u00e9sitez pas \u00e0 vous renseigner aupr\u00e8s de l&#8217;\u00e9quipe du bureau.<\/p>\n\n\n\n<div class=\"wp-block-group\"><div class=\"wp-block-group__inner-container is-layout-constrained wp-block-group-is-layout-constrained\">\n<div class=\"wp-block-columns is-layout-flex wp-container-core-columns-is-layout-9d6595d7 wp-block-columns-is-layout-flex\">\n<div class=\"wp-block-column is-layout-flow wp-block-column-is-layout-flow\" style=\"flex-basis:100%\">\n<figure class=\"wp-block-table is-style-stripes has-small-font-size\"><table><thead><tr><th>Groupes<\/th><th>Description<\/th><th>Cours\/Semaine<\/th><th>Lieux <\/th><th>Tarifs<\/th><th>Inclus dans l&#8217;inscription <\/th><th>Avantages<\/th><\/tr><\/thead><tbody><tr><td>Ado (14-16ans)<\/td><td>Un tarif adapt\u00e9 aux jeunes motiv\u00e9s, int\u00e9gr\u00e9s directement aux cours adultes pour une progression acc\u00e9l\u00e9r\u00e9e et un encadrement renforc\u00e9.<\/td><td>jusqu\u2019\u00e0 2 s\u00e9ances par semaine aux c\u00f4t\u00e9s des adultes, dans un cadre s\u00e9curis\u00e9 et stimulant<\/td><td><a href=\"https:\/\/www.kmgmediterranee.fr\/index.php\/entrainements\/\" data-type=\"page\" data-id=\"245\">Salle C\u00f4me<\/a><\/td><td><strong>150 \u20ac<\/strong> + 1 boite de bonbons<\/td><td>1 tee-shirt de l\u2019associa-tion<\/td><td>passage de grade en fin d\u2019ann\u00e9e + assurance incluse<\/td><\/tr><tr><td>Adulte (\u00e0 partir de 17 ans)<\/td><td>Ce forfait s\u2019adresse aux adultes souhaitant pratiquer le Krav Maga dans un cadre s\u00e9rieux et dynamique.<br>D\u00e9veloppement de la confiance en soi, am\u00e9lioration de la condition physique, apprentissage des techniques de d\u00e9fense et de strat\u00e9gie<\/td><td>jusqu\u2019\u00e0 3 s\u00e9ances par semaine pour progresser \u00e0 son rythme<\/td><td><a href=\"https:\/\/www.kmgmediterranee.fr\/index.php\/entrainements\/\" data-type=\"page\" data-id=\"245\">Salle C\u00f4me<\/a><\/td><td><strong>250\u202f\u20ac<\/strong> + 1 bo\u00eete de bonbons<\/td><td>1 tee-shirt de l\u2019associa-tion<\/td><td>passage de grade en fin d\u2019ann\u00e9e pour valider les acquis<\/td><\/tr><tr><td>Kids (de 5 \u00e0 13 ans)<\/td><td>Une initiation ludique et s\u00e9curis\u00e9e au Krav Maga pour les plus jeunes.<br>D\u00e9veloppement de la motricit\u00e9, de la concentration et de la confiance en soi<\/td><td>1 s\u00e9ance par semaine, adapt\u00e9e \u00e0 l\u2019\u00e2ge de l\u2019enfant<\/td><td><a href=\"https:\/\/www.kmgmediterranee.fr\/index.php\/entrainements\/\" data-type=\"page\" data-id=\"245\">Waldeck Rousseau<\/a><\/td><td><strong>150 \u20ac<\/strong><\/td><td>1 tee-shirt + 1 pantalon de l\u2019association<\/td><td>passage de grade + assurance incluse<\/td><\/tr><tr><td><strong>Offre sp\u00e9ciale<\/strong> <br>Agents de s\u00e9curit\u00e9,  Pompiers, Forces de l\u2019ordre<\/td><td>Un tarif pr\u00e9f\u00e9rentiel r\u00e9serv\u00e9 aux professionnels de la s\u00e9curit\u00e9 et de l\u2019intervention, int\u00e9gr\u00e9s aux cours adultes pour un entra\u00eenement complet et r\u00e9aliste.<br>Renforcer les r\u00e9flexes, la condition physique et les comp\u00e9tences tactiques utiles sur le terrain<\/td><td>jusqu\u2019\u00e0 3 s\u00e9ances par semaine pour progresser \u00e0 son rythme<\/td><td><a href=\"https:\/\/www.kmgmediterranee.fr\/index.php\/entrainements\/\" data-type=\"page\" data-id=\"245\">Salle C\u00f4me<\/a><\/td><td><strong>180\u202f\u20ac<\/strong> + 1 bo\u00eete de bonbons<\/td><td>1 tee-shirt de l\u2019associa-<br>tion<\/td><td>un cadre s\u00e9rieux, dynamique et adapt\u00e9 aux exigences du m\u00e9tier<\/td><\/tr><\/tbody><\/table><\/figure>\n<\/div>\n<\/div>\n<\/div><\/div>\n\n\n\n<h5 class=\"wp-block-heading has-luminous-vivid-orange-color has-text-color has-link-color has-medium-font-size wp-elements-ceb8169cb1f91257dd9dcc98b247d21e\"><strong>Adh\u00e9sion double (conjoint\/famille)<\/strong><\/h5>\n\n\n\n<p class=\"has-small-font-size\">Profitez de <strong>50\u202f\u20ac de r\u00e9duction<\/strong> sur la cotisation totale pour toute inscription en duo ou en famille.<\/p>\n\n\n\n<p><\/p>\n\n\n\n<div class=\"wp-block-buttons is-content-justification-center is-layout-flex wp-container-core-buttons-is-layout-16018d1d wp-block-buttons-is-layout-flex\">\n<div class=\"wp-block-button\"><a class=\"wp-block-button__link wp-element-button\" href=\"https:\/\/kmg-mediterranee.assoconnect.com\/collect\/description\/654463-u-inscription-2025-avril-juin26\"><mark style=\"background-color:rgba(0, 0, 0, 0)\" class=\"has-inline-color has-luminous-vivid-orange-color\">Alors, vous venez ?<\/mark><\/a><\/div>\n<\/div>\n\n\n\n<p><\/p>\n","protected":false},"excerpt":{"rendered":"<p>Les tarifs annuels de la saison 2025-2026 Les tarifs sont d\u00e9gressifs \u00e0 partir de D\u00e9cembre 2025 &#8211; N&#8217;h\u00e9sitez pas \u00e0 vous renseigner aupr\u00e8s de l&#8217;\u00e9quipe du bureau. Groupes Description Cours\/Semaine Lieux Tarifs Inclus dans l&#8217;inscription Avantages Ado (14-16ans) Un tarif adapt\u00e9 aux jeunes motiv\u00e9s, int\u00e9gr\u00e9s directement aux cours adultes pour une progression acc\u00e9l\u00e9r\u00e9e et un [&hellip;]<\/p>\n","protected":false},"author":2,"featured_media":0,"parent":0,"menu_order":0,"comment_status":"closed","ping_status":"closed","template":"templates\/template-page-full-width.php","meta":{"footnotes":""},"class_list":["post-2115","page","type-page","status-publish","hentry"],"_links":{"self":[{"href":"https:\/\/www.kmgmediterranee.fr\/index.php\/wp-json\/wp\/v2\/pages\/2115","targetHints":{"allow":["GET"]}}],"collection":[{"href":"https:\/\/www.kmgmediterranee.fr\/index.php\/wp-json\/wp\/v2\/pages"}],"about":[{"href":"https:\/\/www.kmgmediterranee.fr\/index.php\/wp-json\/wp\/v2\/types\/page"}],"author":[{"embeddable":true,"href":"https:\/\/www.kmgmediterranee.fr\/index.php\/wp-json\/wp\/v2\/users\/2"}],"replies":[{"embeddable":true,"href":"https:\/\/www.kmgmediterranee.fr\/index.php\/wp-json\/wp\/v2\/comments?post=2115"}],"version-history":[{"count":22,"href":"https:\/\/www.kmgmediterranee.fr\/index.php\/wp-json\/wp\/v2\/pages\/2115\/revisions"}],"predecessor-version":[{"id":6286,"href":"https:\/\/www.kmgmediterranee.fr\/index.php\/wp-json\/wp\/v2\/pages\/2115\/revisions\/6286"}],"wp:attachment":[{"href":"https:\/\/www.kmgmediterranee.fr\/index.php\/wp-json\/wp\/v2\/media?parent=2115"}],"curies":[{"name":"wp","href":"https:\/\/api.w.org\/{rel}","templated":true}]}}