{"id":202,"date":"2025-05-07T13:56:23","date_gmt":"2025-05-07T11:56:23","guid":{"rendered":"https:\/\/www.kmgmediterranee.fr\/?page_id=202"},"modified":"2025-08-31T17:03:19","modified_gmt":"2025-08-31T15:03:19","slug":"principes-et-piliers","status":"publish","type":"page","link":"https:\/\/www.kmgmediterranee.fr\/index.php\/principes-et-piliers\/","title":{"rendered":"Principes et Piliers"},"content":{"rendered":"\n<p>Le Krav Mage r\u00e9pond \u00e0 7 principes, \u00e9mis par Imi Lichtenfeld, et 4 piliers pour les apports personnels du pratiquant<\/p>\n\n\n\n<h3 class=\"wp-block-heading has-luminous-vivid-orange-color has-text-color has-link-color wp-elements-37f90f2174cd44dd5ec5a3eb62ef2409\">Principes <\/h3>\n\n\n\n<p>L\u2019objectif du krav-maga est l\u2019apprentissage de la d\u00e9fense en un minimum de temps de formation, et essaie de s&#8217;adresser \u00e0 un large public. Le krav-maga n\u2019est pas con\u00e7u comme un art martial ni comme un sport, mais comme une m\u00e9thode de combat rapproch\u00e9.<\/p>\n\n\n\n<p>Imi Lichtenfeld fonde sept principes pour cette discipline&nbsp;:<\/p>\n\n\n\n<ul class=\"wp-block-list\">\n<li>\u00ab&nbsp;\u00c9viter les situations dangereuses&nbsp;\u00bb&nbsp;: le krav-maga est un principe de pr\u00e9vention et de bon sens pour&nbsp;\u00ab&nbsp;\u00e9viter de se retrouver dans une situation dangereuse&nbsp;\u00bb&nbsp;(par exemple&nbsp;: en faisant de l\u2019auto-stop, \u00e9viter les individus peu engageants, \u00e9viter de traverser \u00e0 pied un quartier dangereux en ville,&nbsp;etc.). De plus, si le combat est \u00e9vitable, le fuir.<\/li>\n\n\n\n<li>\u00ab&nbsp;R\u00e9flexes naturels&nbsp;\u00bb&nbsp;: le krav-maga est un ensemble de techniques bas\u00e9es sur&nbsp;\u00ab&nbsp;les r\u00e9flexes naturels&nbsp;\u00bb&nbsp;du corps humain.<\/li>\n\n\n\n<li>\u00ab&nbsp;La voie la plus courte&nbsp;\u00bb&nbsp;: se d\u00e9fendre et attaquer par la voie la plus courte et depuis la position o\u00f9 l\u2019on se trouve, en privil\u00e9giant&nbsp;\u00ab&nbsp;le minimum de prise de risque pour soi-m\u00eame&nbsp;\u00bb.<\/li>\n\n\n\n<li>\u00ab&nbsp;Ne pas sortir bless\u00e9&nbsp;\u00bb&nbsp;: en fonction de la situation, et selon l&#8217;environnement, il faut prendre en compte tous les facteurs du danger pour \u00e9viter d&#8217;\u00eatre bless\u00e9.<\/li>\n\n\n\n<li>\u00ab&nbsp;Points sensibles&nbsp;\u00bb&nbsp;: utiliser&nbsp;\u00ab&nbsp;les points sensibles&nbsp;\u00bb&nbsp;du corps humain (yeux, gorge, parties g\u00e9nitales) pour atteindre ou ma\u00eetriser l\u2019adversaire<\/li>\n\n\n\n<li>\u00ab&nbsp;Objets \u00e0 port\u00e9e, puis armes naturelles&nbsp;\u00bb&nbsp;: essayer d\u2019utiliser en priorit\u00e9&nbsp;\u00ab&nbsp;tous les objets \u00e0 sa port\u00e9e&nbsp;\u00bb, puis les armes naturelles du corps en dernier recours.<\/li>\n\n\n\n<li>\u00ab&nbsp;Tous les coups sont permis&nbsp;\u00bb&nbsp;: pas de r\u00e8gles \u00e0 respecter, aucune limitation sur le plan des techniques, pas d\u2019interdit,&nbsp;\u00ab&nbsp;tous les coups sont permis&nbsp;\u00bb.<\/li>\n<\/ul>\n\n\n\n<p><\/p>\n\n\n\n<h3 class=\"wp-block-heading has-luminous-vivid-orange-color has-text-color has-link-color wp-elements-9426503f2e90626285dec8b1ee6ada53\">4 Piliers fondamentaux :<\/h3>\n\n\n\n<p>Le Krav Maga repose sur quatre piliers fondamentaux :&nbsp;<strong>la technique<\/strong>,&nbsp;<strong>la tactique<\/strong>, <strong>le mental<\/strong>, et&nbsp;<strong>la condition physique<\/strong>. Il est important de comprendre et ma\u00eetriser ces quatre aspects pour devenir un pratiquant accompli. <\/p>\n\n\n\n<ul class=\"wp-block-list\">\n<li>\u00ab&nbsp;<span style=\"text-decoration: underline;\"><strong>Pilier Technique<\/strong><\/span>&nbsp;\u00bb : La technique est la base de tout. Chaque mouvement est con\u00e7u pour \u00eatre&nbsp;simple,&nbsp;rapide&nbsp;et&nbsp;, efficace. Les techniques enseign\u00e9es sont ax\u00e9es sur la d\u00e9fense contre les attaques courantes, comme les coups de poing, les saisies, et m\u00eame les attaques \u00e0 l\u2019arme blanche. Le but est de pouvoir r\u00e9agir instinctivement et avec pr\u00e9cision. En Situation r\u00e9elle, la simplicit\u00e9 est la cl\u00e9 dans la r\u00e9action. Les pratiquants apprennent \u00e0 frapper avec pr\u00e9cision et \u00e0 r\u00e9agir aux menaces sans r\u00e9fl\u00e9chir. Cela permet de <strong>gagner en confiance<\/strong> et de <strong>maximiser ses chances de succ\u00e8s<\/strong> en situation de danger.<\/li>\n\n\n\n<li>\u00ab&nbsp;<strong><span style=\"text-decoration: underline;\">Pilier Tactique<\/span><\/strong> \u00bb&nbsp;: c&#8217;est l&#8217;ensemble des moyens coordonn\u00e9s que l&#8217;on emploie pour parvenir \u00e0 un r\u00e9sultat. L&#8217;apprenant int\u00e9grera \u00e0 s&#8217;informer visuellement, analyser la situation, et ce faisant, prendra la bonne d\u00e9cision en termes d&#8217;actions afin de&nbsp;trouver des solutions adapt\u00e9es pour un r\u00e9sultat voulu face \u00e0 un adversaire. L\u2019objectif est de neutraliser rapidement la menace, en prenant en compte tous les facteurs ext\u00e9rieurs : le nombre d\u2019assaillants, la possibilit\u00e9 de fuir, ou encore l\u2019utilisation d\u2019objets \u00e0 port\u00e9e de main comme armes improvis\u00e9es. Une bonne&nbsp;<strong>tactique<\/strong>&nbsp;implique \u00e9galement de savoir g\u00e9rer la distance avec son agresseur et d\u2019anticiper ses mouvements. L\u2019objectif consiste \u00e0 garder constamment une longueur d\u2019avance sur l\u2019adversaire en appliquant des techniques adapt\u00e9es \u00e0 chaque situation. L\u2019efficacit\u00e9 tactique vient avec la pratique et une bonne compr\u00e9hension des sc\u00e9narios de d\u00e9fense.<\/li>\n\n\n\n<li>\u00ab&nbsp;<strong><span style=\"text-decoration: underline;\">Pilier Mental<\/span><\/strong>&nbsp;\u00bb&nbsp;: c&#8217;est la r\u00e9silience psychologique de l&#8217;apprenant lors de l&#8217;entra\u00eenement . Avoir un&nbsp;<strong>fort mental<\/strong>&nbsp;permet de rester concentr\u00e9 et de r\u00e9agir de mani\u00e8re rationnelle face \u00e0 une menace.&nbsp;L\u2019entra\u00eenement en Krav Maga inclut&nbsp;des mises en situation lors de chaque fin d&#8217;entrainement via des exercices concrets, stimulant la complexit\u00e9 et la pression de situations r\u00e9elles. Il n&#8217;est pas une discipline th\u00e9orique abstraite et <strong>\u00eatre mentalement pr\u00e9par\u00e9<\/strong> peut faire la diff\u00e9rence entre une issue favorable une situation qui d\u00e9g\u00e9n\u00e8re.<\/li>\n\n\n\n<li>\u00ab&nbsp;<span style=\"text-decoration: underline;\"><strong>Pilier Physique<\/strong><\/span>&nbsp;\u00bb : Un corps en forme permet d\u2019ex\u00e9cuter les techniques plus efficacement et de r\u00e9sister \u00e0 l\u2019effort prolong\u00e9 que peut n\u00e9cessiter une situation de d\u00e9fense personnelle. Les entra\u00eenements de Krav Maga incluent des exercices de&nbsp;<strong>renforcement musculaire<\/strong>, de <strong>cardio<\/strong>&nbsp;et de&nbsp;<strong>souplesse<\/strong>&nbsp;pour am\u00e9liorer les capacit\u00e9s physiques des pratiquants. <strong>La force, la rapidit\u00e9 et l\u2019endurance<\/strong> sont des qualit\u00e9s essentielles pour rester performant dans une confrontation. L\u2019entra\u00eenement r\u00e9gulier permet d\u2019optimiser ces qualit\u00e9s et de les mettre au service des techniques apprises.<\/li>\n<\/ul>\n\n\n\n<p>Pour <strong>vous d\u00e9fendre,<\/strong> <strong>vous renforcer<\/strong> ou <strong>am\u00e9liorer votre condition<\/strong>, le Krav Maga offre les outils n\u00e9cessaires. \u00c0 l\u2019association, nous misons sur ces quatre piliers pour une progression compl\u00e8te.<\/p>\n\n\n\n<p>N\u2019h\u00e9sitez pas \u00e0 venir essayer un de nos cours \u00e0 <strong>KMG M\u00e9diterran\u00e9e<\/strong>, o\u00f9 nous appliquons ces principes pour vous offrir un apprentissage efficace et adapt\u00e9 \u00e0 tous les niveaux.<\/p>\n\n\n\n<h3 class=\"wp-block-heading has-luminous-vivid-orange-color has-text-color has-link-color wp-elements-deff8ee1a2a0de89674b645fe511106e\">Pourquoi le Krav Maga n&#8217;est pas un art martial ? <\/h3>\n\n\n\n<p>Le krav-maga se caract\u00e9rise par l\u2019absence de r\u00e8gles. Il se distingue aussi par sa f\u00e9rocit\u00e9 qui est de r\u00e9pondre de fa\u00e7on proportionn\u00e9e \u00e0 l&#8217;attaque subie dans la cadre de la l\u00e9gitime d\u00e9fense. Cela prend la forme notamment de frappes avec les coudes et les genoux.&nbsp;La m\u00e9thode ne s\u2019appuie pas sur des qualit\u00e9s physiques particuli\u00e8res et n\u2019est pas r\u00e9serv\u00e9e \u00e0 des troupes d\u2019\u00e9lites. <strong>La simplicit\u00e9 est d\u00e9terminante.<\/strong><\/p>\n\n\n\n<p>Les coups sont donc focalis\u00e9s sur des cibles&nbsp;<a href=\"https:\/\/fr.wikipedia.org\/wiki\/Anatomie\">anatomiques<\/a>&nbsp;comme&nbsp;: les yeux, la nuque, les genoux, la gorge et les parties g\u00e9nitales. Le combattant cherche syst\u00e9matiquement \u00e0 prendre l\u2019initiative de l\u2019assaut, puis \u00e0 neutraliser la menace (sans syst\u00e9matiquement rechercher le maximum de d\u00e9g\u00e2ts). La d\u00e9fense est donc toujours un pis-aller (r\u00e9cup\u00e9ration de l\u2019initiative), visant \u00e0 r\u00e9tablir l\u2019action offensive. Le d\u00e9placement est toujours en avan\u00e7ant (<em>forward drive<\/em>). Dans une situation donn\u00e9e, la r\u00e9ponse doit \u00eatre imm\u00e9diate, aussi forte que n\u00e9cessaire, tout en restant adapt\u00e9e \u00e0 la situation, sans appel, naturelle et choisie pour servir un objectif pr\u00e9cis, comme&nbsp;: d\u00e9concentrer, fuir, immobiliser au sol, neutraliser, voire tuer. Il en r\u00e9sulte trois ensembles de techniques suivant que l\u2019enseignement soit destin\u00e9 \u00e0 l\u2019arm\u00e9e, \u00e0 la police ou \u00e0 des civils. En effet, les objectifs ne sont pas les m\u00eames dans ces cat\u00e9gories&nbsp;: attaquer, neutraliser ou se d\u00e9fendre.<\/p>\n\n\n\n<p>Le krav-maga ne pr\u00e9suppose pas que les combattants respectent un ensemble de r\u00e8gles. En particulier, l\u2019entra\u00eenement insiste sur des situations atypiques telles que\u00a0: la r\u00e9action \u00e0 une attaque surprise\u00a0; le combat \u00e0 mains nues contre un agresseur arm\u00e9 d\u2019une arme tranchante (un\u00a0couteau) \u00e9ventuellement dissimul\u00e9e, une arme contondante (une\u00a0batte de baseball) ou une\u00a0arme \u00e0 feu\u00a0; anticipation \u00e0 ce que l\u2019agresseur sorte une arme ou\/et s\u2019en serve\u00a0; le combat contre plusieurs agresseurs, sortir d\u2019une situation d\u2019encerclement\u00a0; et la protection d&#8217;une tierce personne.<\/p>\n","protected":false},"excerpt":{"rendered":"<p>Le Krav Mage r\u00e9pond \u00e0 7 principes, \u00e9mis par Imi Lichtenfeld, et 4 piliers pour les apports personnels du pratiquant Principes L\u2019objectif du krav-maga est l\u2019apprentissage de la d\u00e9fense en un minimum de temps de formation, et essaie de s&#8217;adresser \u00e0 un large public. Le krav-maga n\u2019est pas con\u00e7u comme un art martial ni comme [&hellip;]<\/p>\n","protected":false},"author":2,"featured_media":0,"parent":0,"menu_order":0,"comment_status":"closed","ping_status":"closed","template":"","meta":{"footnotes":""},"class_list":["post-202","page","type-page","status-publish","hentry"],"_links":{"self":[{"href":"https:\/\/www.kmgmediterranee.fr\/index.php\/wp-json\/wp\/v2\/pages\/202","targetHints":{"allow":["GET"]}}],"collection":[{"href":"https:\/\/www.kmgmediterranee.fr\/index.php\/wp-json\/wp\/v2\/pages"}],"about":[{"href":"https:\/\/www.kmgmediterranee.fr\/index.php\/wp-json\/wp\/v2\/types\/page"}],"author":[{"embeddable":true,"href":"https:\/\/www.kmgmediterranee.fr\/index.php\/wp-json\/wp\/v2\/users\/2"}],"replies":[{"embeddable":true,"href":"https:\/\/www.kmgmediterranee.fr\/index.php\/wp-json\/wp\/v2\/comments?post=202"}],"version-history":[{"count":5,"href":"https:\/\/www.kmgmediterranee.fr\/index.php\/wp-json\/wp\/v2\/pages\/202\/revisions"}],"predecessor-version":[{"id":3809,"href":"https:\/\/www.kmgmediterranee.fr\/index.php\/wp-json\/wp\/v2\/pages\/202\/revisions\/3809"}],"wp:attachment":[{"href":"https:\/\/www.kmgmediterranee.fr\/index.php\/wp-json\/wp\/v2\/media?parent=202"}],"curies":[{"name":"wp","href":"https:\/\/api.w.org\/{rel}","templated":true}]}}