{"id":191,"date":"2025-05-06T13:54:25","date_gmt":"2025-05-06T11:54:25","guid":{"rendered":"https:\/\/www.kmgmediterranee.fr\/?page_id=191"},"modified":"2025-09-03T10:35:59","modified_gmt":"2025-09-03T08:35:59","slug":"histoire","status":"publish","type":"page","link":"https:\/\/www.kmgmediterranee.fr\/index.php\/histoire\/","title":{"rendered":"KravMaga : Histoire"},"content":{"rendered":"\n<figure class=\"wp-block-image size-full is-resized\"><img loading=\"lazy\" decoding=\"async\" width=\"735\" height=\"287\" src=\"http:\/\/www.kmgmediterranee.fr\/wp-content\/uploads\/2025\/05\/Dgome-Imi-e1746529955316.jpg\" alt=\"\" class=\"wp-image-178\" style=\"width:840px;height:auto\" srcset=\"https:\/\/www.kmgmediterranee.fr\/wp-content\/uploads\/2025\/05\/Dgome-Imi-e1746529955316.jpg 735w, https:\/\/www.kmgmediterranee.fr\/wp-content\/uploads\/2025\/05\/Dgome-Imi-e1746529955316-600x234.jpg 600w, https:\/\/www.kmgmediterranee.fr\/wp-content\/uploads\/2025\/05\/Dgome-Imi-e1746529955316-300x117.jpg 300w\" sizes=\"auto, (max-width: 735px) 100vw, 735px\" \/><\/figure>\n\n\n\n<h3 class=\"wp-block-heading has-text-align-left\">Qui est l\u2019inventeur du Krav Maga ?<\/h3>\n\n\n\n<p>En 1910,\u00a0Imi Lichtenfeld\u00a0voit le jour dans la capitale Hongroise avant de d\u00e9m\u00e9nager et grandir \u00e0 Bratislava, la capitale de la Slovaquie. Son p\u00e8re, Samuel Lichtenfeld, travaille dans un cirque et pratique la lutte et l\u2019halt\u00e9rophilie, ce qui suscitera l\u2019int\u00e9r\u00eat d\u2019Imi pour les activit\u00e9s athl\u00e9tiques.<\/p>\n\n\n\n<p>Bien des ann\u00e9es plus tard, Samuel rejoint la police slovaque. Il progresse jusqu\u2019au poste de D\u00e9tective en chef et commence \u00e0 entra\u00eener ses hommes \u00e0 la self-d\u00e9fense. Cet entra\u00eenement leur permet de faire face \u00e0 une agression et aux attaques violentes qu\u2019ils doivent surmonter dans l\u2019exercice de leur fonction. Une fois de plus, cela \u00e9veillera l\u2019int\u00e9r\u00eat de Imi, encore jeune \u00e0 ce moment, pour les disciplines martiales.<\/p>\n\n\n\n<h3 class=\"wp-block-heading\" id=\"l-origine-du-krav-maga-des-debuts-athletiques\">Des pr\u00e9mices du Krav Maga \u00e0 la naissance : <\/h3>\n\n\n\n<p>En 1929, Imi a 19 ans. \u00c0 cette p\u00e9riode de sa vie, il pratique diff\u00e9rentes disciplines sportives. En effet, son niveau \u00e9lev\u00e9 en gymnastique, en lutte et en boxe lui permettent de devenir un champion \u00e0 la renomm\u00e9e internationale. Il sera d\u2019ailleurs membre de l\u2019\u00e9quipe de lutte slovaque jusqu\u2019en 1939 et sera consid\u00e9r\u00e9 comme l\u2019un des meilleurs europ\u00e9ens dans sa cat\u00e9gorie.<\/p>\n\n\n\n<p>Dans le milieu des ann\u00e9es 30, la situation politique change drastiquement en Europe. En effet, les premiers mouvements fascistes et antis\u00e9mites voient le jour. En cons\u00e9quence, Imi devient le leader informel d\u2019un groupe de jeunes juifs, la plupart \u00e9tant pratiquants de boxe, de lutte ou d\u2019halt\u00e9rophilie. Le but de ce groupe \u00e9tant bien s\u00fbr de prot\u00e9ger le quartier juif de Bratislava contre les bandes antis\u00e9mites.<\/p>\n\n\n\n<p>Pendant 4 ans, Imi et ses amis prennent part \u00e0 plusieurs confrontations violentes avec les milices antis\u00e9mites. C\u2019est ainsi que ces exc\u00e8s de violence s\u00e8ment les graines du Krav Maga dans l\u2019esprit de Imi.<\/p>\n\n\n\n<h3 class=\"wp-block-heading\" id=\"fuite-vers-la-palestine\">R\u00e9sistance pendant la 2nde Guerre Mondiale<\/h3>\n\n\n\n<p>En 1940, la domination nazie sur l\u2019Europe d\u00e9but et Imi est forc\u00e9 de fuir l\u2019Europe. Il choisit de se rendre en Palestine (plus tard Isra\u00ebl) mais son voyage durera pr\u00e8s de deux ans. Au cours de ce p\u00e9riple, il contracte une s\u00e9rieuse infection dues aux conditions rigoureuses du voyage. Mais apr\u00e8s avoir r\u00e9cup\u00e9r\u00e9, il peut rejoindre la L\u00e9gion Tch\u00e8que, alors command\u00e9e par l\u2019arm\u00e9e Britannique, durant la Seconde guerre mondiale.<\/p>\n\n\n\n<p>En 1942, Imi est d\u00e9mobilis\u00e9 et il re\u00e7oit enfin l\u2019autorisation d\u2019entrer en Palestine. Gr\u00e2ce \u00e0 son r\u00e9seau d\u2019amis, il parvient \u00e0 rejoindre le mouvement de r\u00e9sistance Hagana. De plus, ces amis l\u2019introduisent aupr\u00e8s du g\u00e9n\u00e9ral Itzchak Sadeh, chef du Hagana qui, au vu de ses comp\u00e9tences en combat au corps \u00e0 corps, le charge d\u2019entra\u00eener les membres du mouvement.<\/p>\n\n\n\n<p>Durant cette p\u00e9riode, Imi entra\u00eena plusieurs unit\u00e9s d\u2019\u00e9lite du Hagana et du Palmach (la force d\u2019assaut du Hagana et le pr\u00e9curseur des unit\u00e9s sp\u00e9ciales de l\u2019arm\u00e9e isra\u00e9lienne). Cela inclut aussi son unit\u00e9 de commando marins, le Palyam, et aussi les groupes d\u2019officiers de police.<\/p>\n\n\n\n<h3 class=\"wp-block-heading\" id=\"l-origine-du-krav-maga-premiers-cours-de-krav-maga\">L\u2019origine du Krav Maga : premiers cours de Krav Maga<\/h3>\n\n\n\n<p>En 1948, les\u00a0Forces de D\u00e9fenses Isra\u00e9liennes (FDI)\u00a0voient le jour lors de la cr\u00e9ation de l\u2019\u00c9tat d\u2019Isra\u00ebl. Imi devient Instructeur en Chef pour l\u2019\u00e9ducation physique et le Krav Maga \u00e0 l\u2019\u00e9cole de combat. Il restera pr\u00e8s de 20 ans au service des FDI (et de la r\u00e9sistance). Durant toutes ces ann\u00e9es, Imi a personnellement form\u00e9 les meilleurs combattants des unit\u00e9s sp\u00e9ciales isra\u00e9liennes et entra\u00een\u00e9 de nombreuses g\u00e9n\u00e9rations d\u2019instructeurs. Cela lui vaudra d\u2019ailleurs la reconnaissance des plus hauts grad\u00e9s de l\u2019arm\u00e9e.<\/p>\n\n\n\n<figure class=\"wp-block-image size-large\"><img loading=\"lazy\" decoding=\"async\" width=\"1024\" height=\"439\" src=\"http:\/\/www.kmgmediterranee.fr\/wp-content\/uploads\/2025\/05\/IMI-LICHTENFELD_Israeli_Krav_Maga_BG-1024x439.jpg\" alt=\"\" class=\"wp-image-176\" srcset=\"https:\/\/www.kmgmediterranee.fr\/wp-content\/uploads\/2025\/05\/IMI-LICHTENFELD_Israeli_Krav_Maga_BG-1024x439.jpg 1024w, https:\/\/www.kmgmediterranee.fr\/wp-content\/uploads\/2025\/05\/IMI-LICHTENFELD_Israeli_Krav_Maga_BG-600x257.jpg 600w, https:\/\/www.kmgmediterranee.fr\/wp-content\/uploads\/2025\/05\/IMI-LICHTENFELD_Israeli_Krav_Maga_BG-300x129.jpg 300w, https:\/\/www.kmgmediterranee.fr\/wp-content\/uploads\/2025\/05\/IMI-LICHTENFELD_Israeli_Krav_Maga_BG-768x329.jpg 768w, https:\/\/www.kmgmediterranee.fr\/wp-content\/uploads\/2025\/05\/IMI-LICHTENFELD_Israeli_Krav_Maga_BG.jpg 1400w\" sizes=\"auto, (max-width: 1024px) 100vw, 1024px\" \/><\/figure>\n\n\n\n<h3 class=\"wp-block-heading\" id=\"le-krav-maga-une-methode-simple\">Le Krav Maga : une m\u00e9thode simple<\/h3>\n\n\n\n<p>Au d\u00e9but, le but de la m\u00e9thode d\u2019Imi, le Krav Maga, \u00e9tait de r\u00e9pondre aux besoin des FDI. Premi\u00e8rement, le Krav Maga se devait d\u2019\u00eatre facile \u00e0 apprendre et \u00e0 appliquer. De cette mani\u00e8re, le soldat entra\u00een\u00e9 devait pouvoir atteindre les capacit\u00e9s requises en un minimum de temps, qu\u2019il soit combattant dans une unit\u00e9 d\u2019\u00e9lite ou employ\u00e9 dans un bureau. En deuxi\u00e8me lieu, il \u00e9tait aussi important que les soldats puissent maintenir leur niveau avec un minimum de r\u00e9visions et de pratique. Enfin, le dernier point \u00e9tait crucial : les techniques d\u2019auto-d\u00e9fense mises au point par Imi devaient pouvoir \u00eatre utilis\u00e9es dans les\u00a0conditions les plus difficiles et les plus stressantes.<\/p>\n\n\n\n<h3 class=\"wp-block-heading\" id=\"retraite-d-imi-et-krav-maga-civil\">Retraite d\u2019Imi et Krav Maga civil<\/h3>\n\n\n\n<p>C\u2019est apr\u00e8s avoir pris sa retraite qu\u2019Imi commence \u00e0 adapter le Krav Maga aux besoins de la population civile. En effet, les situations v\u00e9cues par les militaires et les civils diff\u00e8rent fortement. Il s\u2019agit donc de d\u00e9velopper le syst\u00e8me afin de le faire correspondre \u00e0 la r\u00e9alit\u00e9 du terrain. C\u2019est apr\u00e8s cela qu\u2019Imi commence \u00e0 diffuser ce syst\u00e8me dans d\u2019autres pays du monde. Gr\u00e2ce \u00e0 Eyal Yanilov, le bras droit d\u2019Imi, le Krav Maga a \u00e9t\u00e9 am\u00e9lior\u00e9, grandi, adapt\u00e9 et s\u2019est r\u00e9pandu dans de nombreux pays \u00e0 travers le monde.<\/p>\n\n\n\n<h3 class=\"wp-block-heading\" id=\"evolution-de-la-tenue-en-krav-maga\">\u00c9volution de la tenue en Krav Maga<\/h3>\n\n\n\n<p>\u00c0 l\u2019origine, Imi enseignait \u00e0 ses \u00e9l\u00e8ves dans une tenue compos\u00e9e de shorts et de chemises militaires. Mais rapidement, alors qu\u2019il cherchait \u00e0 faire \u00e9voluer la discipline vers un syst\u00e8me martial, il adopta les uniformes et ceintures de judo. C\u2019est \u00e0 cette \u00e9poque qu\u2019Imi prit toutes les techniques de Krav Maga, les divisant en diff\u00e9rents niveaux, selon la logique d\u2019Imi et cr\u00e9a le premier programme de Krav Maga.<\/p>\n\n\n\n<p>Au commencement, le programme \u00e9tait relativement restreint. En effet, celui-ci contenait \u00e9norm\u00e9ment de techniques militaires et polici\u00e8res et \u00e9tait adapt\u00e9 pour l\u2019Isra\u00ebl du milieu des ann\u00e9es 60. Ensuite,\u00a0les ceintures et tuniques de judo furent abandonn\u00e9es par Eyal Yanilov\u00a0et celui-ci commen\u00e7a \u00e0\u00a0remanier le programme technique\u00a0afin de le faire \u00e9voluer, comme nous allons le voir apr\u00e8s.<\/p>\n\n\n\n<h3 class=\"wp-block-heading\" id=\"l-heritage-d-imi-l-arrivee-de-eyal-yanilov\">L\u2019arriv\u00e9e de Eyal Yanilov <\/h3>\n\n\n<div class=\"wp-block-image\">\n<figure class=\"aligncenter size-full is-resized\"><img loading=\"lazy\" decoding=\"async\" width=\"713\" height=\"381\" src=\"http:\/\/www.kmgmediterranee.fr\/wp-content\/uploads\/2025\/05\/Eyal-Imi-e1746530167504.jpg\" alt=\"\" class=\"wp-image-179\" style=\"width:462px;height:auto\" srcset=\"https:\/\/www.kmgmediterranee.fr\/wp-content\/uploads\/2025\/05\/Eyal-Imi-e1746530167504.jpg 713w, https:\/\/www.kmgmediterranee.fr\/wp-content\/uploads\/2025\/05\/Eyal-Imi-e1746530167504-600x321.jpg 600w, https:\/\/www.kmgmediterranee.fr\/wp-content\/uploads\/2025\/05\/Eyal-Imi-e1746530167504-300x160.jpg 300w\" sizes=\"auto, (max-width: 713px) 100vw, 713px\" \/><\/figure>\n<\/div>\n\n\n<p>Eyal Yanilov\u00a0commence \u00e0 s\u2019initier au Krav Maga en 1974 et progresse rapidement. Ses capacit\u00e9s en Krav Maga lui permettent de remplacer Imi lors de le\u00e7ons dispens\u00e9es aux instructeurs les plus grad\u00e9s lorsqu\u2019Imi est incapable d\u2019enseigner. C\u2019est gr\u00e2ce \u00e0 ses talents qu\u2019il devient le bras droit d\u2019Imi au d\u00e9but des ann\u00e9es 80. Ensuite, Imi le charge d\u2019\u00e9crire le\u00a0livre officiel du Krav Maga, travail qui d\u00e9butera en 1984 et se terminera bien des ann\u00e9es plus tard, lors de l\u2019\u00e9dition originale du livre, en 2000. Ce livre sera d\u2019ailleurs pr\u00e9fac\u00e9 par plusieurs personnalit\u00e9s, dont\u00a0Shimon Peres, c\u00e9l\u00e8bre homme d\u2019\u00e9tat Isra\u00e9lien.<\/p>\n\n\n\n<p>\u00c0 partir des ann\u00e9es 80, gr\u00e2ce \u00e0 l\u2019exp\u00e9rience acquise par Eyal dans l\u2019enseignement aux militaires et aux civils, les deux hommes modifient le Krav Maga pour l\u2019adapter aux contraintes modernes. En effet, les temps changent et les agressions aussi. Il est d\u00e9sormais temps de moderniser le Krav Maga.<\/p>\n\n\n\n<h3 class=\"wp-block-heading\" id=\"le-plus-haut-grade-en-krav-maga-master-3\">Le plus haut grade en Krav Maga : Master 3<\/h3>\n\n\n\n<p>En 1987, Imi nomme Eyal \u00e0 la t\u00eate du comit\u00e9 professionnel de Krav Maga. Ce titre signifie qu\u2019il obtient le grade d\u2019Instructeur en Chef du Krav Maga. En cons\u00e9quence, Eyal se voit charg\u00e9 de modifier les techniques et le programme afin de d\u00e9velopper le Krav Maga comme un syst\u00e8me.<\/p>\n\n\n\n<p>C\u2019est \u00e0 la fin des ann\u00e9es 80 et au d\u00e9but des ann\u00e9es 90, sous la supervision d\u2019Imi, que Eyal enseigne le nouveau programme.\u00a0Cela permet aux instructeurs les plus anciens et les plus grad\u00e9s de s\u2019instruire jusqu\u2019au grade Expert 5\/ceinture noire 5\u00e8me dan.<\/p>\n\n\n\n<p>En 1996, Eyal se voit r\u00e9compens\u00e9 du grade Master 3, le plus haut grade atteignable en Krav Maga.<\/p>\n\n\n\n<h3 class=\"wp-block-heading\" id=\"deces-d-imi\">D\u00e9c\u00e8s d\u2019Imi<\/h3>\n\n\n\n<p>Imi Lichtenfeld d\u00e9c\u00e8de le 9 janvier 1998 \u00e0 Netanya. Il ne vivra malheureusement pas assez longtemps pour voir la naissance de la\u00a0premi\u00e8re f\u00e9d\u00e9ration de Krav Maga (1997). <\/p>\n\n\n\n<p>Imi laisse derri\u00e8re lui un h\u00e9ritage important, ayant permis d\u2019aider de nombreuses personnes \u00e0 apprendre la self-d\u00e9fense. Chaque ann\u00e9e, sa tombe est visit\u00e9e par de nombreux pratiquants de Krav Maga afin de lui rendre hommage.<\/p>\n\n\n\n<p><\/p>\n","protected":false},"excerpt":{"rendered":"<p>Qui est l\u2019inventeur du Krav Maga ? En 1910,\u00a0Imi Lichtenfeld\u00a0voit le jour dans la capitale Hongroise avant de d\u00e9m\u00e9nager et grandir \u00e0 Bratislava, la capitale de la Slovaquie. Son p\u00e8re, Samuel Lichtenfeld, travaille dans un cirque et pratique la lutte et l\u2019halt\u00e9rophilie, ce qui suscitera l\u2019int\u00e9r\u00eat d\u2019Imi pour les activit\u00e9s athl\u00e9tiques. Bien des ann\u00e9es plus [&hellip;]<\/p>\n","protected":false},"author":2,"featured_media":0,"parent":0,"menu_order":0,"comment_status":"closed","ping_status":"closed","template":"","meta":{"footnotes":""},"class_list":["post-191","page","type-page","status-publish","hentry"],"_links":{"self":[{"href":"https:\/\/www.kmgmediterranee.fr\/index.php\/wp-json\/wp\/v2\/pages\/191","targetHints":{"allow":["GET"]}}],"collection":[{"href":"https:\/\/www.kmgmediterranee.fr\/index.php\/wp-json\/wp\/v2\/pages"}],"about":[{"href":"https:\/\/www.kmgmediterranee.fr\/index.php\/wp-json\/wp\/v2\/types\/page"}],"author":[{"embeddable":true,"href":"https:\/\/www.kmgmediterranee.fr\/index.php\/wp-json\/wp\/v2\/users\/2"}],"replies":[{"embeddable":true,"href":"https:\/\/www.kmgmediterranee.fr\/index.php\/wp-json\/wp\/v2\/comments?post=191"}],"version-history":[{"count":8,"href":"https:\/\/www.kmgmediterranee.fr\/index.php\/wp-json\/wp\/v2\/pages\/191\/revisions"}],"predecessor-version":[{"id":3853,"href":"https:\/\/www.kmgmediterranee.fr\/index.php\/wp-json\/wp\/v2\/pages\/191\/revisions\/3853"}],"wp:attachment":[{"href":"https:\/\/www.kmgmediterranee.fr\/index.php\/wp-json\/wp\/v2\/media?parent=191"}],"curies":[{"name":"wp","href":"https:\/\/api.w.org\/{rel}","templated":true}]}}